{"id":99,"date":"2022-09-02T15:38:12","date_gmt":"2022-09-02T15:38:12","guid":{"rendered":"https:\/\/www.turulcolinelor.ro\/?page_id=99"},"modified":"2025-05-02T12:20:40","modified_gmt":"2025-05-02T12:20:40","slug":"premii","status":"publish","type":"page","link":"https:\/\/www.turulcolinelor.ro\/en\/concurs\/premii\/","title":{"rendered":"Prizes"},"content":{"rendered":"<div class=\"vc_row wpb_row vc_row-fluid\"><div class=\"wpb_column vc_column_container vc_col-sm-12\"><div class=\"vc_column-inner\"><div class=\"wpb_wrapper\"><div class=\"vc_separator wpb_content_element vc_separator_align_center vc_sep_width_100 vc_sep_border_width_5 vc_sep_pos_align_center vc_sep_color_sky vc_separator-has-text\" ><span class=\"vc_sep_holder vc_sep_holder_l\"><span  class=\"vc_sep_line\"><\/span><\/span><div class=\"vc_icon_element vc_icon_element-outer vc_icon_element-align-left\"><div class=\"vc_icon_element-inner vc_icon_element-color-juicy_pink vc_icon_element-size-md vc_icon_element-style- vc_icon_element-background-color-grey\" ><span class=\"vc_icon_element-icon fas fa-hand-holding-usd\" ><\/span><\/div><\/div><h4>Prizes<\/h4><span class=\"vc_sep_holder vc_sep_holder_r\"><span  class=\"vc_sep_line\"><\/span><\/span>\n<\/div>\n\t<div class=\"wpb_text_column wpb_content_element\" >\n\t\t<div class=\"wpb_wrapper\">\n\t\t\t\n\t\t<\/div>\n\t<\/div>\n<\/div><\/div><\/div><\/div><div class=\"vc_row wpb_row vc_row-fluid\"><div class=\"wpb_column vc_column_container vc_col-sm-12\"><div class=\"vc_column-inner\"><div class=\"wpb_wrapper\">\n\t<div class=\"wpb_text_column wpb_content_element\" >\n\t\t<div class=\"wpb_wrapper\">\n\t\t\t<h4 style=\"text-align: center;\"><span style=\"color: #ff0000;\"><strong>Premiile se acord\u0103 clasamentului general dupa cele dou\u0103 zile de curs\u0103: Tura Lung\u0103 + Circuit, respectiv Tura Scurt\u0103 + Circuit <\/strong><\/span><\/h4>\n<h4 style=\"text-align: center;\"><span style=\"color: #ff0000;\"><strong>Premiile se vor acorda dupa premiere pe baza unui act de identitate.<\/strong><\/span><\/h4>\n\n\t\t<\/div>\n\t<\/div>\n<\/div><\/div><\/div><\/div><div class=\"vc_row wpb_row vc_row-fluid\"><div class=\"wpb_column vc_column_container vc_col-sm-4\"><div class=\"vc_column-inner\"><div class=\"wpb_wrapper\">\n\t<div class=\"wpb_text_column wpb_content_element\" >\n\t\t<div class=\"wpb_wrapper\">\n\t\t\t<p><strong>Elite M\u00a0 + U23<\/strong><\/p>\n<p>Locul 1 &#8211; 1500 lei<\/p>\n<p>Locul 2 &#8211; 1300 lei<\/p>\n<p>Locul 3 &#8211; 1100 lei<\/p>\n<p>Locul 4 &#8211; 800\u00a0 lei<\/p>\n<p>Locul 5 &#8211; 600\u00a0 lei<\/p>\n<p>Locul 6 &#8211; 400 lei<\/p>\n<p><strong>U19 M\u00a0\u00a0 <\/strong><\/p>\n<p>Locul 1 &#8211; 500 lei<\/p>\n<p>Locul 2 &#8211; 400 lei<\/p>\n<p>Locul 3 &#8211; 300 lei<\/p>\n<p><strong>U17 M<\/strong><\/p>\n<p>Locul 1 &#8211; 500 lei<\/p>\n<p>Locul 2 &#8211; 400\u00a0lei<\/p>\n<p>Locul 3 &#8211; 300 lei<\/p>\n\n\t\t<\/div>\n\t<\/div>\n<\/div><\/div><\/div><div class=\"wpb_column vc_column_container vc_col-sm-4\"><div class=\"vc_column-inner\"><div class=\"wpb_wrapper\">\n\t<div class=\"wpb_text_column wpb_content_element\" >\n\t\t<div class=\"wpb_wrapper\">\n\t\t\t<p><strong>Elite F<\/strong><\/p>\n<p>Locul 1 &#8211; 1000 lei<\/p>\n<p>Locul 2 &#8211; 800 lei<\/p>\n<p>Locul 3 &#8211; 600 lei<\/p>\n<p><strong>U19 F\u00a0\u00a0 <\/strong><\/p>\n<p>Locul 1 &#8211; 500 lei<\/p>\n<p>Locul 2 &#8211; 400\u00a0lei<\/p>\n<p>Locul 3 &#8211; 300 lei<\/p>\n<p><strong>U17 F<\/strong><\/p>\n<p>Locul 1 &#8211; 500 lei<\/p>\n<p>Locul 2 &#8211; 400 lei<\/p>\n<p>Locul 3 &#8211; 300 lei<\/p>\n<p><strong>Open\u00a0F<\/strong><\/p>\n<p>Locul 1 &#8211; 800 lei<\/p>\n<p>Locul 2 &#8211; 600\u00a0lei<\/p>\n<p>Locul 3 &#8211; 400 lei<\/p>\n\n\t\t<\/div>\n\t<\/div>\n<\/div><\/div><\/div><div class=\"wpb_column vc_column_container vc_col-sm-4\"><div class=\"vc_column-inner\"><div class=\"wpb_wrapper\">\n\t<div class=\"wpb_text_column wpb_content_element\" >\n\t\t<div class=\"wpb_wrapper\">\n\t\t\t<p><strong>Amatori 19-29<\/strong><\/p>\n<p>Locul 1 &#8211; 800 lei<\/p>\n<p>Locul 2 &#8211; 600\u00a0lei<\/p>\n<p>Locul 3 &#8211; 400 lei<\/p>\n<p><strong>Master 1<\/strong><\/p>\n<p>Locul 1 &#8211; 800 lei<\/p>\n<p>Locul 2 &#8211; 600\u00a0lei<\/p>\n<p>Locul 3 &#8211; 400 lei<\/p>\n<p><strong>Master 2<\/strong><\/p>\n<p>Locul 1 &#8211; 800 lei<\/p>\n<p>Locul 2 &#8211; 600\u00a0lei<\/p>\n<p>Locul 3 &#8211; 400 lei<\/p>\n<p><strong>Master 3<\/strong><\/p>\n<p>Locul 1 &#8211; 800 lei<\/p>\n<p>Locul 2 &#8211; 600\u00a0lei<\/p>\n<p>Locul 3 &#8211; 400 lei<\/p>\n\n\t\t<\/div>\n\t<\/div>\n<\/div><\/div><\/div><\/div><div class=\"vc_row wpb_row vc_row-fluid\"><div class=\"wpb_column vc_column_container vc_col-sm-6\"><div class=\"vc_column-inner\"><div class=\"wpb_wrapper\">\n\t<div class=\"wpb_text_column wpb_content_element\" >\n\t\t<div class=\"wpb_wrapper\">\n\t\t\t<p><strong>Tura Scurt\u0103 + Circuit<\/strong><\/p>\n<p><strong>Amatori 19-29<\/strong><\/p>\n<p>1 \u2013 Produse Gold Nutrition + Fakir + Cube<\/p>\n<p>2 &#8211; Produse Gold Nutrition + Fakir + Cube<\/p>\n<p>3 &#8211; Produse Gold Nutrition + Fakir + Cube<\/p>\n<p>&nbsp;<\/p>\n<p><strong>Amatori 30-39<\/strong><\/p>\n<p>1 \u2013 Produse Gold Nutrition + Fakir + Cube<\/p>\n<p>2 &#8211; Produse Gold Nutrition + Fakir + Cube<\/p>\n<p>3 &#8211; Produse Gold Nutrition + Fakir + Cube<\/p>\n\n\t\t<\/div>\n\t<\/div>\n<\/div><\/div><\/div><div class=\"wpb_column vc_column_container vc_col-sm-6\"><div class=\"vc_column-inner\"><div class=\"wpb_wrapper\">\n\t<div class=\"wpb_text_column wpb_content_element\" >\n\t\t<div class=\"wpb_wrapper\">\n\t\t\t<p><strong>Tura Scurt\u0103 + Circuit<\/strong><\/p>\n<p><strong>Amatori 40-49<\/strong><\/p>\n<p>1 \u2013 Produse Gold Nutrition + Fakir + Cube<\/p>\n<p>2 &#8211; Produse Gold Nutrition + Fakir + Cube<\/p>\n<p>3 &#8211; Produse Gold Nutrition + Fakir + Cube<\/p>\n<p>&nbsp;<\/p>\n<p><strong>Amatori 50+<\/strong><\/p>\n<p>1 \u2013 Produse Gold Nutrition + Fakir + Cube<\/p>\n<p>2 &#8211; Produse Gold Nutrition + Fakir + Cube<\/p>\n<p>3 &#8211; Produse Gold Nutrition + Fakir + Cube<\/p>\n\n\t\t<\/div>\n\t<\/div>\n<\/div><\/div><\/div><\/div>","protected":false},"excerpt":{"rendered":"<p>Fond de premiere Premiile se acord\u0103 clasamentului general dupa cele dou\u0103 zile de curs\u0103: Tura Lung\u0103 + Circuit, respectiv Tura Scurt\u0103 + Circuit Premiile se vor acorda dupa premiere pe baza unui act de identitate. Elite M\u00a0 + U23 Locul 1 &#8211; 1500 lei Locul 2 &#8211; 1300 lei Locul 3 &#8211; 1100 lei Locul&hellip;<\/p>","protected":false},"author":1,"featured_media":0,"parent":97,"menu_order":0,"comment_status":"closed","ping_status":"closed","template":"","meta":{"footnotes":""},"class_list":["post-99","page","type-page","status-publish","hentry","description-off"],"yoast_head":"<!-- This site is optimized with the Yoast SEO plugin v25.3 - https:\/\/yoast.com\/wordpress\/plugins\/seo\/ -->\n<title>Premii - Turul Colinelor Bac\u0103u<\/title>\n<meta name=\"description\" content=\"Premii\" \/>\n<meta name=\"robots\" content=\"index, follow, max-snippet:-1, max-image-preview:large, max-video-preview:-1\" \/>\n<link rel=\"canonical\" href=\"https:\/\/www.turulcolinelor.ro\/en\/concurs\/premii\/\" \/>\n<meta property=\"og:locale\" content=\"en_GB\" \/>\n<meta property=\"og:type\" content=\"article\" \/>\n<meta property=\"og:title\" content=\"Premii - Turul Colinelor Bac\u0103u\" \/>\n<meta property=\"og:description\" content=\"Premii\" \/>\n<meta property=\"og:url\" content=\"https:\/\/www.turulcolinelor.ro\/en\/concurs\/premii\/\" \/>\n<meta property=\"og:site_name\" content=\"Turul Colinelor Bac\u0103u\" \/>\n<meta property=\"article:modified_time\" content=\"2025-05-02T12:20:40+00:00\" \/>\n<meta name=\"twitter:card\" content=\"summary_large_image\" \/>\n<meta name=\"twitter:label1\" content=\"Estimated reading time\" \/>\n\t<meta name=\"twitter:data1\" content=\"5 minutes\" \/>\n<script type=\"application\/ld+json\" class=\"yoast-schema-graph\">{\"@context\":\"https:\/\/schema.org\",\"@graph\":[{\"@type\":\"WebPage\",\"@id\":\"https:\/\/www.turulcolinelor.ro\/concurs\/premii\/\",\"url\":\"https:\/\/www.turulcolinelor.ro\/concurs\/premii\/\",\"name\":\"Premii - Turul Colinelor Bac\u0103u\",\"isPartOf\":{\"@id\":\"https:\/\/www.turulcolinelor.ro\/#website\"},\"datePublished\":\"2022-09-02T15:38:12+00:00\",\"dateModified\":\"2025-05-02T12:20:40+00:00\",\"description\":\"Premii\",\"breadcrumb\":{\"@id\":\"https:\/\/www.turulcolinelor.ro\/concurs\/premii\/#breadcrumb\"},\"inLanguage\":\"en-GB\",\"potentialAction\":[{\"@type\":\"ReadAction\",\"target\":[\"https:\/\/www.turulcolinelor.ro\/concurs\/premii\/\"]}]},{\"@type\":\"BreadcrumbList\",\"@id\":\"https:\/\/www.turulcolinelor.ro\/concurs\/premii\/#breadcrumb\",\"itemListElement\":[{\"@type\":\"ListItem\",\"position\":1,\"name\":\"Home\",\"item\":\"https:\/\/www.turulcolinelor.ro\/\"},{\"@type\":\"ListItem\",\"position\":2,\"name\":\"Concurs\",\"item\":\"https:\/\/www.turulcolinelor.ro\/concurs\/\"},{\"@type\":\"ListItem\",\"position\":3,\"name\":\"Premii\"}]},{\"@type\":\"WebSite\",\"@id\":\"https:\/\/www.turulcolinelor.ro\/#website\",\"url\":\"https:\/\/www.turulcolinelor.ro\/\",\"name\":\"Turul Colinelor Bac\u0103u\",\"description\":\"Tradi\u021bia merge mai departe! Turul Colinelor 2023 vine cu un traseu nou, dar \u0219i cu multe alte nout\u0103\u021bi, a\u0219a c\u0103 fi\u021bi pe faz\u0103. Mai multe detalii \u00een cur\u00e2nd!\",\"potentialAction\":[{\"@type\":\"SearchAction\",\"target\":{\"@type\":\"EntryPoint\",\"urlTemplate\":\"https:\/\/www.turulcolinelor.ro\/?s={search_term_string}\"},\"query-input\":{\"@type\":\"PropertyValueSpecification\",\"valueRequired\":true,\"valueName\":\"search_term_string\"}}],\"inLanguage\":\"en-GB\"}]}<\/script>\n<!-- \/ Yoast SEO plugin. -->","yoast_head_json":{"title":"Premii - Turul Colinelor Bac\u0103u","description":"Premii","robots":{"index":"index","follow":"follow","max-snippet":"max-snippet:-1","max-image-preview":"max-image-preview:large","max-video-preview":"max-video-preview:-1"},"canonical":"https:\/\/www.turulcolinelor.ro\/en\/concurs\/premii\/","og_locale":"en_GB","og_type":"article","og_title":"Premii - Turul Colinelor Bac\u0103u","og_description":"Premii","og_url":"https:\/\/www.turulcolinelor.ro\/en\/concurs\/premii\/","og_site_name":"Turul Colinelor Bac\u0103u","article_modified_time":"2025-05-02T12:20:40+00:00","twitter_card":"summary_large_image","twitter_misc":{"Estimated reading time":"5 minutes"},"schema":{"@context":"https:\/\/schema.org","@graph":[{"@type":"WebPage","@id":"https:\/\/www.turulcolinelor.ro\/concurs\/premii\/","url":"https:\/\/www.turulcolinelor.ro\/concurs\/premii\/","name":"Premii - Turul Colinelor Bac\u0103u","isPartOf":{"@id":"https:\/\/www.turulcolinelor.ro\/#website"},"datePublished":"2022-09-02T15:38:12+00:00","dateModified":"2025-05-02T12:20:40+00:00","description":"Premii","breadcrumb":{"@id":"https:\/\/www.turulcolinelor.ro\/concurs\/premii\/#breadcrumb"},"inLanguage":"en-GB","potentialAction":[{"@type":"ReadAction","target":["https:\/\/www.turulcolinelor.ro\/concurs\/premii\/"]}]},{"@type":"BreadcrumbList","@id":"https:\/\/www.turulcolinelor.ro\/concurs\/premii\/#breadcrumb","itemListElement":[{"@type":"ListItem","position":1,"name":"Home","item":"https:\/\/www.turulcolinelor.ro\/"},{"@type":"ListItem","position":2,"name":"Concurs","item":"https:\/\/www.turulcolinelor.ro\/concurs\/"},{"@type":"ListItem","position":3,"name":"Premii"}]},{"@type":"WebSite","@id":"https:\/\/www.turulcolinelor.ro\/#website","url":"https:\/\/www.turulcolinelor.ro\/","name":"Turul Colinelor Bac\u0103u","description":"Tradi\u021bia merge mai departe! Turul Colinelor 2023 vine cu un traseu nou, dar \u0219i cu multe alte nout\u0103\u021bi, a\u0219a c\u0103 fi\u021bi pe faz\u0103. Mai multe detalii \u00een cur\u00e2nd!","potentialAction":[{"@type":"SearchAction","target":{"@type":"EntryPoint","urlTemplate":"https:\/\/www.turulcolinelor.ro\/?s={search_term_string}"},"query-input":{"@type":"PropertyValueSpecification","valueRequired":true,"valueName":"search_term_string"}}],"inLanguage":"en-GB"}]}},"_links":{"self":[{"href":"https:\/\/www.turulcolinelor.ro\/en\/wp-json\/wp\/v2\/pages\/99","targetHints":{"allow":["GET"]}}],"collection":[{"href":"https:\/\/www.turulcolinelor.ro\/en\/wp-json\/wp\/v2\/pages"}],"about":[{"href":"https:\/\/www.turulcolinelor.ro\/en\/wp-json\/wp\/v2\/types\/page"}],"author":[{"embeddable":true,"href":"https:\/\/www.turulcolinelor.ro\/en\/wp-json\/wp\/v2\/users\/1"}],"replies":[{"embeddable":true,"href":"https:\/\/www.turulcolinelor.ro\/en\/wp-json\/wp\/v2\/comments?post=99"}],"version-history":[{"count":31,"href":"https:\/\/www.turulcolinelor.ro\/en\/wp-json\/wp\/v2\/pages\/99\/revisions"}],"predecessor-version":[{"id":553,"href":"https:\/\/www.turulcolinelor.ro\/en\/wp-json\/wp\/v2\/pages\/99\/revisions\/553"}],"up":[{"embeddable":true,"href":"https:\/\/www.turulcolinelor.ro\/en\/wp-json\/wp\/v2\/pages\/97"}],"wp:attachment":[{"href":"https:\/\/www.turulcolinelor.ro\/en\/wp-json\/wp\/v2\/media?parent=99"}],"curies":[{"name":"wp","href":"https:\/\/api.w.org\/{rel}","templated":true}]}}