{"id":97,"date":"2022-09-02T15:36:33","date_gmt":"2022-09-02T15:36:33","guid":{"rendered":"https:\/\/www.turulcolinelor.ro\/?page_id=97"},"modified":"2025-12-02T13:21:07","modified_gmt":"2025-12-02T13:21:07","slug":"concurs","status":"publish","type":"page","link":"https:\/\/www.turulcolinelor.ro\/en\/concurs\/","title":{"rendered":"The Race"},"content":{"rendered":"<div id=\"trasee\" class=\"vc_row wpb_row vc_row-fluid\"><div class=\"wpb_column vc_column_container vc_col-sm-12\"><div class=\"vc_column-inner\"><div class=\"wpb_wrapper\"><div class=\"vc_separator wpb_content_element vc_separator_align_center vc_sep_width_100 vc_sep_border_width_4 vc_sep_pos_align_center vc_sep_color_mulled_wine vc_separator-has-text\" ><span class=\"vc_sep_holder vc_sep_holder_l\"><span  class=\"vc_sep_line\"><\/span><\/span><h4>Trasee Turul Colinelor 2026<\/h4><span class=\"vc_sep_holder vc_sep_holder_r\"><span  class=\"vc_sep_line\"><\/span><\/span>\n<\/div><\/div><\/div><\/div><\/div><div class=\"vc_row wpb_row vc_row-fluid\"><div class=\"wpb_column vc_column_container vc_col-sm-6\"><div class=\"vc_column-inner\"><div class=\"wpb_wrapper\"><div class=\"vc_separator wpb_content_element vc_separator_align_center vc_sep_width_100 vc_sep_pos_align_center vc_sep_color_mulled_wine vc_separator-has-text\" ><span class=\"vc_sep_holder vc_sep_holder_l\"><span  class=\"vc_sep_line\"><\/span><\/span><div class=\"vc_icon_element vc_icon_element-outer vc_icon_element-align-left\"><div class=\"vc_icon_element-inner vc_icon_element-color-blue vc_icon_element-size-md vc_icon_element-style- vc_icon_element-background-color-grey\" ><span class=\"vc_icon_element-icon fas fa-route\" ><\/span><\/div><\/div><h4>Short Route Saturday<\/h4><span class=\"vc_sep_holder vc_sep_holder_r\"><span  class=\"vc_sep_line\"><\/span><\/span>\n<\/div>\n\t<div  class=\"wpb_single_image wpb_content_element vc_align_center\">\n\t\t\n\t\t<figure class=\"wpb_wrapper vc_figure\">\n\t\t\t<a href=\"https:\/\/www.strava.com\/segments\/36750163\" target=\"_blank\"  class=\"vc_single_image-wrapper   vc_box_border_grey rollover\" data-large_image_width=\"808\" data-large_image_height = \"559\"     ><img loading=\"lazy\" decoding=\"async\" width=\"808\" height=\"559\" src=\"https:\/\/www.turulcolinelor.ro\/wp-content\/uploads\/2024\/04\/traseul-scurt-turul-colinelor-bacau-2024.png\" class=\"vc_single_image-img attachment-full\" alt=\"\" title=\"traseul scurt turul colinelor bacau 2024\" srcset=\"https:\/\/www.turulcolinelor.ro\/wp-content\/uploads\/2024\/04\/traseul-scurt-turul-colinelor-bacau-2024.png 808w, https:\/\/www.turulcolinelor.ro\/wp-content\/uploads\/2024\/04\/traseul-scurt-turul-colinelor-bacau-2024-300x208.png 300w, https:\/\/www.turulcolinelor.ro\/wp-content\/uploads\/2024\/04\/traseul-scurt-turul-colinelor-bacau-2024-768x531.png 768w, https:\/\/www.turulcolinelor.ro\/wp-content\/uploads\/2024\/04\/traseul-scurt-turul-colinelor-bacau-2024-200x138.png 200w\" sizes=\"auto, (max-width: 808px) 100vw, 808px\"  data-dt-location=\"https:\/\/www.turulcolinelor.ro\/en\/homepage\/traseul-scurt-turul-colinelor-bacau-2024\/\" \/><\/a>\n\t\t<\/figure>\n\t<\/div>\n<div class=\"vc_btn3-container vc_btn3-center\" ><a class=\"vc_general vc_btn3 vc_btn3-size-lg vc_btn3-shape-rounded vc_btn3-style-3d vc_btn3-block vc_btn3-icon-left vc_btn3-color-mulled-wine\" href=\"https:\/\/www.turulcolinelor.ro\/wp-content\/uploads\/2025\/12\/Tura_Scurta_TCB_2026.gpx\" title=\"\"><i class=\"vc_btn3-icon fas fa-map-marker-alt\"><\/i> Download .gpx file of the route!<\/a><\/div><\/div><\/div><\/div><div class=\"wpb_column vc_column_container vc_col-sm-6\"><div class=\"vc_column-inner\"><div class=\"wpb_wrapper\"><div class=\"vc_separator wpb_content_element vc_separator_align_center vc_sep_width_100 vc_sep_pos_align_center vc_sep_color_mulled_wine vc_separator-has-text\" ><span class=\"vc_sep_holder vc_sep_holder_l\"><span  class=\"vc_sep_line\"><\/span><\/span><div class=\"vc_icon_element vc_icon_element-outer vc_icon_element-align-left\"><div class=\"vc_icon_element-inner vc_icon_element-color-blue vc_icon_element-size-md vc_icon_element-style- vc_icon_element-background-color-grey\" ><span class=\"vc_icon_element-icon fas fa-route\" ><\/span><\/div><\/div><h4>Long Route Saturday<\/h4><span class=\"vc_sep_holder vc_sep_holder_r\"><span  class=\"vc_sep_line\"><\/span><\/span>\n<\/div>\n\t<div  class=\"wpb_single_image wpb_content_element vc_align_center\">\n\t\t\n\t\t<figure class=\"wpb_wrapper vc_figure\">\n\t\t\t<a href=\"https:\/\/www.strava.com\/segments\/36750156\" target=\"_blank\"  class=\"vc_single_image-wrapper   vc_box_border_grey rollover\" data-large_image_width=\"807\" data-large_image_height = \"562\"     ><img loading=\"lazy\" decoding=\"async\" width=\"807\" height=\"562\" src=\"https:\/\/www.turulcolinelor.ro\/wp-content\/uploads\/2024\/04\/traseul-lung-turul-colinelor-bacau-2024.png\" class=\"vc_single_image-img attachment-full\" alt=\"\" title=\"traseul lung turul colinelor bacau 2024\" srcset=\"https:\/\/www.turulcolinelor.ro\/wp-content\/uploads\/2024\/04\/traseul-lung-turul-colinelor-bacau-2024.png 807w, https:\/\/www.turulcolinelor.ro\/wp-content\/uploads\/2024\/04\/traseul-lung-turul-colinelor-bacau-2024-300x209.png 300w, https:\/\/www.turulcolinelor.ro\/wp-content\/uploads\/2024\/04\/traseul-lung-turul-colinelor-bacau-2024-768x535.png 768w, https:\/\/www.turulcolinelor.ro\/wp-content\/uploads\/2024\/04\/traseul-lung-turul-colinelor-bacau-2024-200x139.png 200w\" sizes=\"auto, (max-width: 807px) 100vw, 807px\"  data-dt-location=\"https:\/\/www.turulcolinelor.ro\/en\/homepage\/traseul-lung-turul-colinelor-bacau-2024\/\" \/><\/a>\n\t\t<\/figure>\n\t<\/div>\n<div class=\"vc_btn3-container vc_btn3-center\" ><a class=\"vc_general vc_btn3 vc_btn3-size-lg vc_btn3-shape-rounded vc_btn3-style-3d vc_btn3-block vc_btn3-icon-left vc_btn3-color-mulled-wine\" href=\"https:\/\/www.turulcolinelor.ro\/wp-content\/uploads\/2024\/04\/traseu-lung.gpx\" title=\"\"><i class=\"vc_btn3-icon fas fa-map-marker-alt\"><\/i> Download .gpx file of the route!<\/a><\/div><\/div><\/div><\/div><\/div><div class=\"vc_row wpb_row vc_row-fluid\"><div class=\"wpb_column vc_column_container vc_col-sm-12\"><div class=\"vc_column-inner\"><div class=\"wpb_wrapper\"><div class=\"vc_separator wpb_content_element vc_separator_align_center vc_sep_width_100 vc_sep_border_width_4 vc_sep_pos_align_center vc_sep_color_mulled_wine vc_separator-has-text\" ><span class=\"vc_sep_holder vc_sep_holder_l\"><span  class=\"vc_sep_line\"><\/span><\/span><h4>Program Turul Colinelor 2026<\/h4><span class=\"vc_sep_holder vc_sep_holder_r\"><span  class=\"vc_sep_line\"><\/span><\/span>\n<\/div><\/div><\/div><\/div><\/div><div id=\"program\" class=\"vc_row wpb_row vc_row-fluid\"><div class=\"wpb_column vc_column_container vc_col-sm-12\"><div class=\"vc_column-inner\"><div class=\"wpb_wrapper\">\n\t<div class=\"wpb_text_column wpb_content_element\" >\n\t\t<div class=\"wpb_wrapper\">\n\t\t\t<p><strong>Vineri 09.10.2026<\/strong><\/p>\n<p>15:00-20:00\u00a0\u00a0\u00a0 Ridicarea pachetelor de \u00eenscriere Sala de Sport din Ungureni<\/p>\n<p>19:00\u00a0\u00a0\u00a0 Sedinta tehnica Turul Colinelor Bacau\/ Cupa Romaniei de Sosea<\/p>\n<p>&nbsp;<\/p>\n<p><strong>S\u00e2mb\u0103t\u0103 10.10.2026<\/strong><\/p>\n<p>7.30-9:00\u00a0\u00a0 Ridicarea pachetelor de \u00eenscriere Sala de Sport din Ungureni<\/p>\n<p>10.00\u00a0 Start proba de TURA LUNG\u0102 din fata Prim\u0103riei Ungureni (Elite M, U23 M, U19 M, Amatori 19-29, Master 1, Master 2, Master 3)<\/p>\n<p>10.15\u00a0 Start proba de TURA SCURT\u0102 din fata Prim\u0103riei Ungureni (U17 M, Amatori 19-29, Amatori 30-39, Amatori 40-49, Amatori 50-59)<\/p>\n<p>10.20 Start proba de TURA SCURT\u0102 Elite Feminin\/ Open Feminin\/ U19 F\/ U17 F din fata Prim\u0103riei Ungureni<\/p>\n<p>16.30\u00a0 Festivitatea de premiere \u00een fata Prim\u0103riei Ungureni<\/p>\n\n\t\t<\/div>\n\t<\/div>\n<\/div><\/div><\/div><\/div><div class=\"vc_row wpb_row vc_row-fluid\"><div class=\"wpb_column vc_column_container vc_col-sm-12\"><div class=\"vc_column-inner\"><div class=\"wpb_wrapper\"><div class=\"vc_separator wpb_content_element vc_separator_align_left vc_sep_width_100 vc_sep_border_width_4 vc_sep_pos_align_center vc_sep_color_mulled_wine vc_separator-has-text\" ><span class=\"vc_sep_holder vc_sep_holder_l\"><span  class=\"vc_sep_line\"><\/span><\/span><div class=\"vc_icon_element vc_icon_element-outer vc_icon_element-align-left\"><div class=\"vc_icon_element-inner vc_icon_element-color-custom vc_icon_element-size-md vc_icon_element-style- vc_icon_element-background-color-grey\" ><span class=\"vc_icon_element-icon fas fa-coins\" style=\"color:#8a2f2e !important\"><\/span><\/div><\/div><h4>Participation FEES<\/h4><span class=\"vc_sep_holder vc_sep_holder_r\"><span  class=\"vc_sep_line\"><\/span><\/span>\n<\/div><\/div><\/div><\/div><\/div><div id=\"taxa-participare\" class=\"vc_row wpb_row vc_row-fluid vc_row-o-content-middle vc_row-flex\"><div class=\"wpb_column vc_column_container vc_col-sm-6\"><div class=\"vc_column-inner\"><div class=\"wpb_wrapper\">\n\t<div class=\"wpb_text_column wpb_content_element\" >\n\t\t<div class=\"wpb_wrapper\">\n\t\t\t<p><strong>March 1st, 2025<\/strong><br \/>\n110 RON<\/p>\n<p><strong>March 2nd-31st, 2025<\/strong><br \/>\n160 RON<\/p>\n<p><strong>April 1st-30th, 2025<\/strong><br \/>\n200 RON<\/p>\n<p><strong>May 1st-15th, 2025<\/strong><br \/>\n250 RON<\/p>\n\n\t\t<\/div>\n\t<\/div>\n<\/div><\/div><\/div><div class=\"wpb_column vc_column_container vc_col-sm-6\"><div class=\"vc_column-inner\"><div class=\"wpb_wrapper\">\n\t<div class=\"wpb_text_column wpb_content_element\" >\n\t\t<div class=\"wpb_wrapper\">\n\t\t\t<p><strong>After May 15th, payment will be made only at the RACE OFFICE, as follows:<\/strong><\/p>\n<p><strong>Vineri 23 mai 2025<\/strong><br \/>\n300 RON<\/p>\n<p><strong>S\u00e2mb\u0103t\u0103 24 mai 2025<\/strong><br \/>\n300 RON<\/p>\n<p><strong>Duminic\u0103 25 Mai 2025<\/strong><br \/>\n300 RON<\/p>\n\n\t\t<\/div>\n\t<\/div>\n<\/div><\/div><\/div><\/div><div class=\"vc_row wpb_row vc_row-fluid\"><div class=\"wpb_column vc_column_container vc_col-sm-12\"><div class=\"vc_column-inner\"><div class=\"wpb_wrapper\">\n\t<div class=\"wpb_text_column wpb_content_element\" >\n\t\t<div class=\"wpb_wrapper\">\n\t\t\t<p><strong>As in the previous edition, all persons with permanent residence in Bac\u0103u county benefit from free registration,\u00a0<\/strong><strong>thus receiving a competition number and the right to participate in the competition. In order to benefit from the (basic) participation kit, you need to pay a fee of 60 RON.<\/strong><\/p>\n\n\t\t<\/div>\n\t<\/div>\n<\/div><\/div><\/div><\/div>","protected":false},"excerpt":{"rendered":"<p>Trasee Turul Colinelor 2026 Traseu Scurt S\u00e2mb\u0103t\u0103 Traseul scurt se poate desc\u0103rca \u00een format .gpx de aici!Traseu Lung S\u00e2mb\u0103t\u0103 Traseul lung se poate desc\u0103rca \u00een format .gpx de aici!Program Turul Colinelor 2026 Vineri 09.10.2026 15:00-20:00\u00a0\u00a0\u00a0 Ridicarea pachetelor de \u00eenscriere Sala de Sport din Ungureni 19:00\u00a0\u00a0\u00a0 Sedinta tehnica Turul Colinelor Bacau\/ Cupa Romaniei de Sosea &nbsp;&hellip;<\/p>","protected":false},"author":1,"featured_media":0,"parent":0,"menu_order":0,"comment_status":"closed","ping_status":"closed","template":"","meta":{"footnotes":""},"class_list":["post-97","page","type-page","status-publish","hentry","description-off"],"yoast_head":"<!-- This site is optimized with the Yoast SEO plugin v25.3 - https:\/\/yoast.com\/wordpress\/plugins\/seo\/ -->\n<title>Concurs - Turul Colinelor Bac\u0103u<\/title>\n<meta name=\"description\" content=\"Program\" \/>\n<meta name=\"robots\" content=\"index, follow, max-snippet:-1, max-image-preview:large, max-video-preview:-1\" \/>\n<link rel=\"canonical\" href=\"https:\/\/www.turulcolinelor.ro\/en\/concurs\/\" \/>\n<meta property=\"og:locale\" content=\"en_GB\" \/>\n<meta property=\"og:type\" content=\"article\" \/>\n<meta property=\"og:title\" content=\"Concurs - Turul Colinelor Bac\u0103u\" \/>\n<meta property=\"og:description\" content=\"Program\" \/>\n<meta property=\"og:url\" content=\"https:\/\/www.turulcolinelor.ro\/en\/concurs\/\" \/>\n<meta property=\"og:site_name\" content=\"Turul Colinelor Bac\u0103u\" \/>\n<meta property=\"article:modified_time\" content=\"2025-12-02T13:21:07+00:00\" \/>\n<meta name=\"twitter:card\" content=\"summary_large_image\" \/>\n<meta name=\"twitter:label1\" content=\"Estimated reading time\" \/>\n\t<meta name=\"twitter:data1\" content=\"4 minutes\" \/>\n<script type=\"application\/ld+json\" class=\"yoast-schema-graph\">{\"@context\":\"https:\/\/schema.org\",\"@graph\":[{\"@type\":\"WebPage\",\"@id\":\"https:\/\/www.turulcolinelor.ro\/concurs\/\",\"url\":\"https:\/\/www.turulcolinelor.ro\/concurs\/\",\"name\":\"Concurs - Turul Colinelor Bac\u0103u\",\"isPartOf\":{\"@id\":\"https:\/\/www.turulcolinelor.ro\/#website\"},\"datePublished\":\"2022-09-02T15:36:33+00:00\",\"dateModified\":\"2025-12-02T13:21:07+00:00\",\"description\":\"Program\",\"breadcrumb\":{\"@id\":\"https:\/\/www.turulcolinelor.ro\/concurs\/#breadcrumb\"},\"inLanguage\":\"en-GB\",\"potentialAction\":[{\"@type\":\"ReadAction\",\"target\":[\"https:\/\/www.turulcolinelor.ro\/concurs\/\"]}]},{\"@type\":\"BreadcrumbList\",\"@id\":\"https:\/\/www.turulcolinelor.ro\/concurs\/#breadcrumb\",\"itemListElement\":[{\"@type\":\"ListItem\",\"position\":1,\"name\":\"Home\",\"item\":\"https:\/\/www.turulcolinelor.ro\/\"},{\"@type\":\"ListItem\",\"position\":2,\"name\":\"Concurs\"}]},{\"@type\":\"WebSite\",\"@id\":\"https:\/\/www.turulcolinelor.ro\/#website\",\"url\":\"https:\/\/www.turulcolinelor.ro\/\",\"name\":\"Turul Colinelor Bac\u0103u\",\"description\":\"Tradi\u021bia merge mai departe! Turul Colinelor 2023 vine cu un traseu nou, dar \u0219i cu multe alte nout\u0103\u021bi, a\u0219a c\u0103 fi\u021bi pe faz\u0103. Mai multe detalii \u00een cur\u00e2nd!\",\"potentialAction\":[{\"@type\":\"SearchAction\",\"target\":{\"@type\":\"EntryPoint\",\"urlTemplate\":\"https:\/\/www.turulcolinelor.ro\/?s={search_term_string}\"},\"query-input\":{\"@type\":\"PropertyValueSpecification\",\"valueRequired\":true,\"valueName\":\"search_term_string\"}}],\"inLanguage\":\"en-GB\"}]}<\/script>\n<!-- \/ Yoast SEO plugin. -->","yoast_head_json":{"title":"Concurs - Turul Colinelor Bac\u0103u","description":"Program","robots":{"index":"index","follow":"follow","max-snippet":"max-snippet:-1","max-image-preview":"max-image-preview:large","max-video-preview":"max-video-preview:-1"},"canonical":"https:\/\/www.turulcolinelor.ro\/en\/concurs\/","og_locale":"en_GB","og_type":"article","og_title":"Concurs - Turul Colinelor Bac\u0103u","og_description":"Program","og_url":"https:\/\/www.turulcolinelor.ro\/en\/concurs\/","og_site_name":"Turul Colinelor Bac\u0103u","article_modified_time":"2025-12-02T13:21:07+00:00","twitter_card":"summary_large_image","twitter_misc":{"Estimated reading time":"4 minutes"},"schema":{"@context":"https:\/\/schema.org","@graph":[{"@type":"WebPage","@id":"https:\/\/www.turulcolinelor.ro\/concurs\/","url":"https:\/\/www.turulcolinelor.ro\/concurs\/","name":"Concurs - Turul Colinelor Bac\u0103u","isPartOf":{"@id":"https:\/\/www.turulcolinelor.ro\/#website"},"datePublished":"2022-09-02T15:36:33+00:00","dateModified":"2025-12-02T13:21:07+00:00","description":"Program","breadcrumb":{"@id":"https:\/\/www.turulcolinelor.ro\/concurs\/#breadcrumb"},"inLanguage":"en-GB","potentialAction":[{"@type":"ReadAction","target":["https:\/\/www.turulcolinelor.ro\/concurs\/"]}]},{"@type":"BreadcrumbList","@id":"https:\/\/www.turulcolinelor.ro\/concurs\/#breadcrumb","itemListElement":[{"@type":"ListItem","position":1,"name":"Home","item":"https:\/\/www.turulcolinelor.ro\/"},{"@type":"ListItem","position":2,"name":"Concurs"}]},{"@type":"WebSite","@id":"https:\/\/www.turulcolinelor.ro\/#website","url":"https:\/\/www.turulcolinelor.ro\/","name":"Turul Colinelor Bac\u0103u","description":"Tradi\u021bia merge mai departe! Turul Colinelor 2023 vine cu un traseu nou, dar \u0219i cu multe alte nout\u0103\u021bi, a\u0219a c\u0103 fi\u021bi pe faz\u0103. Mai multe detalii \u00een cur\u00e2nd!","potentialAction":[{"@type":"SearchAction","target":{"@type":"EntryPoint","urlTemplate":"https:\/\/www.turulcolinelor.ro\/?s={search_term_string}"},"query-input":{"@type":"PropertyValueSpecification","valueRequired":true,"valueName":"search_term_string"}}],"inLanguage":"en-GB"}]}},"_links":{"self":[{"href":"https:\/\/www.turulcolinelor.ro\/en\/wp-json\/wp\/v2\/pages\/97","targetHints":{"allow":["GET"]}}],"collection":[{"href":"https:\/\/www.turulcolinelor.ro\/en\/wp-json\/wp\/v2\/pages"}],"about":[{"href":"https:\/\/www.turulcolinelor.ro\/en\/wp-json\/wp\/v2\/types\/page"}],"author":[{"embeddable":true,"href":"https:\/\/www.turulcolinelor.ro\/en\/wp-json\/wp\/v2\/users\/1"}],"replies":[{"embeddable":true,"href":"https:\/\/www.turulcolinelor.ro\/en\/wp-json\/wp\/v2\/comments?post=97"}],"version-history":[{"count":61,"href":"https:\/\/www.turulcolinelor.ro\/en\/wp-json\/wp\/v2\/pages\/97\/revisions"}],"predecessor-version":[{"id":730,"href":"https:\/\/www.turulcolinelor.ro\/en\/wp-json\/wp\/v2\/pages\/97\/revisions\/730"}],"wp:attachment":[{"href":"https:\/\/www.turulcolinelor.ro\/en\/wp-json\/wp\/v2\/media?parent=97"}],"curies":[{"name":"wp","href":"https:\/\/api.w.org\/{rel}","templated":true}]}}