{"id":95,"date":"2022-09-02T15:34:59","date_gmt":"2022-09-02T15:34:59","guid":{"rendered":"https:\/\/www.turulcolinelor.ro\/?page_id=95"},"modified":"2025-05-25T05:52:36","modified_gmt":"2025-05-25T05:52:36","slug":"rezultate","status":"publish","type":"page","link":"https:\/\/www.turulcolinelor.ro\/en\/rezultate\/","title":{"rendered":"Results"},"content":{"rendered":"<div class=\"vc_row wpb_row vc_row-fluid\"><div class=\"wpb_column vc_column_container vc_col-sm-12\"><div class=\"vc_column-inner\"><div class=\"wpb_wrapper\"><div class=\"vc_separator wpb_content_element vc_separator_align_center vc_sep_width_100 vc_sep_border_width_4 vc_sep_pos_align_center vc_sep_color_sky vc_separator-has-text\" ><span class=\"vc_sep_holder vc_sep_holder_l\"><span  class=\"vc_sep_line\"><\/span><\/span><div class=\"vc_icon_element vc_icon_element-outer vc_icon_element-align-left\"><div class=\"vc_icon_element-inner vc_icon_element-color-blue vc_icon_element-size-md vc_icon_element-style- vc_icon_element-background-color-grey\" ><span class=\"vc_icon_element-icon fas fa-poll\" ><\/span><\/div><\/div><h4>Rezultate edi\u021bia 24-25 Mai 2025<\/h4><span class=\"vc_sep_holder vc_sep_holder_r\"><span  class=\"vc_sep_line\"><\/span><\/span>\n<\/div><\/div><\/div><\/div><\/div><div class=\"vc_row wpb_row vc_row-fluid vc_column-gap-10\"><div class=\"wpb_column vc_column_container vc_col-sm-6\"><div class=\"vc_column-inner\"><div class=\"wpb_wrapper\"><div class=\"vc_btn3-container vc_btn3-center\" ><a class=\"vc_general vc_btn3 vc_btn3-size-md vc_btn3-shape-rounded vc_btn3-style-3d vc_btn3-block vc_btn3-color-orange\" href=\"https:\/\/cronometraj.racetecresults.com\/Results.aspx?CId=16648&#038;RId=2385\" title=\"Clasament general - Amatori tura scurt\u0103 s\u00e2mb\u0103t\u0103\" target=\"_blank\">General classification - Amateurs Male (short route Saturday)<\/a><\/div><\/div><\/div><\/div><div class=\"wpb_column vc_column_container vc_col-sm-6\"><div class=\"vc_column-inner\"><div class=\"wpb_wrapper\"><div class=\"vc_btn3-container vc_btn3-center\" ><a class=\"vc_general vc_btn3 vc_btn3-size-md vc_btn3-shape-rounded vc_btn3-style-3d vc_btn3-block vc_btn3-color-orange\" href=\"https:\/\/cronometraj.racetecresults.com\/Results.aspx?CId=16648&#038;RId=2386\" title=\"Clasament general - Amatori licen\u021bia\u021bi \u0219i Master\" target=\"_blank\">General classification -19+ Amateurs &amp; Masters 1, 2, 3 Male<\/a><\/div><\/div><\/div><\/div><\/div><div class=\"vc_row wpb_row vc_row-fluid vc_column-gap-10\"><div class=\"wpb_column vc_column_container vc_col-sm-4\"><div class=\"vc_column-inner\"><div class=\"wpb_wrapper\"><div class=\"vc_btn3-container vc_btn3-center\" ><a class=\"vc_general vc_btn3 vc_btn3-size-md vc_btn3-shape-rounded vc_btn3-style-3d vc_btn3-block vc_btn3-color-orange\" href=\"https:\/\/cronometraj.racetecresults.com\/results.aspx?CId=16648&#038;RId=2387\" title=\"General classification - Cadets &amp; Juniors Male\" target=\"_blank\">Clasament general - U17 Masculin<\/a><\/div><\/div><\/div><\/div><div class=\"wpb_column vc_column_container vc_col-sm-4\"><div class=\"vc_column-inner\"><div class=\"wpb_wrapper\"><div class=\"vc_btn3-container vc_btn3-center\" ><a class=\"vc_general vc_btn3 vc_btn3-size-md vc_btn3-shape-rounded vc_btn3-style-3d vc_btn3-block vc_btn3-color-orange\" href=\"https:\/\/cronometraj.racetecresults.com\/results.aspx?CId=16648&#038;RId=2388\" title=\"General classification - Female\" target=\"_blank\">General classification - Female<\/a><\/div><\/div><\/div><\/div><div class=\"wpb_column vc_column_container vc_col-sm-4\"><div class=\"vc_column-inner\"><div class=\"wpb_wrapper\"><div class=\"vc_btn3-container vc_btn3-center\" ><a class=\"vc_general vc_btn3 vc_btn3-size-md vc_btn3-shape-rounded vc_btn3-style-3d vc_btn3-block vc_btn3-color-orange\" href=\"https:\/\/cronometraj.racetecresults.com\/results.aspx?CId=16648&#038;RId=2389\" title=\"General classification - U23 &amp; Elites Male\" target=\"_blank\">Clasament general - Elite, U23 \u0219i U19 Masculin<\/a><\/div><\/div><\/div><\/div><\/div><div class=\"vc_row wpb_row vc_row-fluid vc_column-gap-10\"><div class=\"wpb_column vc_column_container vc_col-sm-4\"><div class=\"vc_column-inner\"><div class=\"wpb_wrapper\"><div class=\"vc_btn3-container vc_btn3-center\" ><a class=\"vc_general vc_btn3 vc_btn3-size-md vc_btn3-shape-rounded vc_btn3-style-3d vc_btn3-block vc_btn3-color-orange\" href=\"https:\/\/cronometraj.racetecresults.com\/results.aspx?CId=16648&#038;RId=2384&#038;EId=2\" title=\"Rezultate Live  etapa de s\u00e2mb\u0103t\u0103 - Traseul Lung\" target=\"_blank\">Long route Saturday's results<\/a><\/div><\/div><\/div><\/div><div class=\"wpb_column vc_column_container vc_col-sm-4\"><div class=\"vc_column-inner\"><div class=\"wpb_wrapper\"><\/div><\/div><\/div><div class=\"wpb_column vc_column_container vc_col-sm-4\"><div class=\"vc_column-inner\"><div class=\"wpb_wrapper\"><div class=\"vc_btn3-container vc_btn3-center\" ><a class=\"vc_general vc_btn3 vc_btn3-size-md vc_btn3-shape-rounded vc_btn3-style-3d vc_btn3-block vc_btn3-color-orange\" href=\"https:\/\/cronometraj.racetecresults.com\/results.aspx?CId=16648&#038;RId=2384&#038;EId=1\" title=\"Rezultate Live - Traseu scurt Turul Colinelor 2025\" target=\"_blank\">Short route Saturday's results<\/a><\/div><\/div><\/div><\/div><\/div><div class=\"vc_row wpb_row vc_row-fluid\"><div class=\"wpb_column vc_column_container vc_col-sm-12\"><div class=\"vc_column-inner\"><div class=\"wpb_wrapper\"><div class=\"vc_separator wpb_content_element vc_separator_align_center vc_sep_width_100 vc_sep_border_width_4 vc_sep_pos_align_center vc_sep_color_sky vc_separator-has-text\" ><span class=\"vc_sep_holder vc_sep_holder_l\"><span  class=\"vc_sep_line\"><\/span><\/span><div class=\"vc_icon_element vc_icon_element-outer vc_icon_element-align-left\"><div class=\"vc_icon_element-inner vc_icon_element-color-blue vc_icon_element-size-md vc_icon_element-style- vc_icon_element-background-color-grey\" ><span class=\"vc_icon_element-icon fas fa-poll\" ><\/span><\/div><\/div><h4>18-19th May, 2024 - results<\/h4><span class=\"vc_sep_holder vc_sep_holder_r\"><span  class=\"vc_sep_line\"><\/span><\/span>\n<\/div><\/div><\/div><\/div><\/div><div class=\"vc_row wpb_row vc_row-fluid vc_column-gap-10\"><div class=\"wpb_column vc_column_container vc_col-sm-6\"><div class=\"vc_column-inner\"><div class=\"wpb_wrapper\"><div class=\"vc_btn3-container vc_btn3-center\" ><a class=\"vc_general vc_btn3 vc_btn3-size-md vc_btn3-shape-rounded vc_btn3-style-3d vc_btn3-block vc_btn3-color-orange\" href=\"https:\/\/cronometraj.racetecresults.com\/results.aspx?CId=16648&#038;RId=2308\" title=\"Clasament general - Amatori tura scurt\u0103 s\u00e2mb\u0103t\u0103\" target=\"_blank\">General classification - Amateurs Male (short route Saturday)<\/a><\/div><\/div><\/div><\/div><div class=\"wpb_column vc_column_container vc_col-sm-6\"><div class=\"vc_column-inner\"><div class=\"wpb_wrapper\"><div class=\"vc_btn3-container vc_btn3-center\" ><a class=\"vc_general vc_btn3 vc_btn3-size-md vc_btn3-shape-rounded vc_btn3-style-3d vc_btn3-block vc_btn3-color-orange\" href=\"https:\/\/cronometraj.racetecresults.com\/Results.aspx?CId=16648&#038;RId=2309\" title=\"Clasament general - Amatori licen\u021bia\u021bi \u0219i Master\" target=\"_blank\">General classification -19+ Amateurs &amp; Masters 1, 2, 3 Male<\/a><\/div><\/div><\/div><\/div><\/div><div class=\"vc_row wpb_row vc_row-fluid vc_column-gap-10\"><div class=\"wpb_column vc_column_container vc_col-sm-4\"><div class=\"vc_column-inner\"><div class=\"wpb_wrapper\"><div class=\"vc_btn3-container vc_btn3-center\" ><a class=\"vc_general vc_btn3 vc_btn3-size-md vc_btn3-shape-rounded vc_btn3-style-3d vc_btn3-block vc_btn3-color-orange\" href=\"https:\/\/cronometraj.racetecresults.com\/results.aspx?CId=16648&#038;RId=2311\" title=\"General classification - Cadets &amp; Juniors Male\" target=\"_blank\">General classification - Cadets &amp; Juniors Male<\/a><\/div><\/div><\/div><\/div><div class=\"wpb_column vc_column_container vc_col-sm-4\"><div class=\"vc_column-inner\"><div class=\"wpb_wrapper\"><div class=\"vc_btn3-container vc_btn3-center\" ><a class=\"vc_general vc_btn3 vc_btn3-size-md vc_btn3-shape-rounded vc_btn3-style-3d vc_btn3-block vc_btn3-color-orange\" href=\"https:\/\/cronometraj.racetecresults.com\/Results.aspx?CId=16648&#038;RId=2310\" title=\"General classification - Female\" target=\"_blank\">General classification - Female<\/a><\/div><\/div><\/div><\/div><div class=\"wpb_column vc_column_container vc_col-sm-4\"><div class=\"vc_column-inner\"><div class=\"wpb_wrapper\"><div class=\"vc_btn3-container vc_btn3-center\" ><a class=\"vc_general vc_btn3 vc_btn3-size-md vc_btn3-shape-rounded vc_btn3-style-3d vc_btn3-block vc_btn3-color-orange\" href=\"https:\/\/cronometraj.racetecresults.com\/Results.aspx?CId=16648&#038;RId=2312\" title=\"General classification - U23 &amp; Elites Male\" target=\"_blank\">General classification - U23 &amp; Elites Male<\/a><\/div><\/div><\/div><\/div><\/div><div class=\"vc_row wpb_row vc_row-fluid vc_column-gap-10\"><div class=\"wpb_column vc_column_container vc_col-sm-4\"><div class=\"vc_column-inner\"><div class=\"wpb_wrapper\"><div class=\"vc_btn3-container vc_btn3-center\" ><a class=\"vc_general vc_btn3 vc_btn3-size-md vc_btn3-shape-rounded vc_btn3-style-3d vc_btn3-block vc_btn3-color-orange\" href=\"https:\/\/cronometraj.racetecresults.com\/results.aspx?CId=16648&#038;RId=2307&#038;EId=2\" title=\"Rezultate Live  etapa de s\u00e2mb\u0103t\u0103 - Traseul Lung\" target=\"_blank\">Long route Saturday's results<\/a><\/div><\/div><\/div><\/div><div class=\"wpb_column vc_column_container vc_col-sm-4\"><div class=\"vc_column-inner\"><div class=\"wpb_wrapper\"><\/div><\/div><\/div><div class=\"wpb_column vc_column_container vc_col-sm-4\"><div class=\"vc_column-inner\"><div class=\"wpb_wrapper\"><div class=\"vc_btn3-container vc_btn3-center\" ><a class=\"vc_general vc_btn3 vc_btn3-size-md vc_btn3-shape-rounded vc_btn3-style-3d vc_btn3-block vc_btn3-color-orange\" href=\"https:\/\/cronometraj.racetecresults.com\/results.aspx?CId=16648&#038;RId=2307&#038;EId=1\" title=\"Rezultate Live - Traseu scurt Turul Colinelor 2023\" target=\"_blank\">Short route Saturday's results<\/a><\/div><\/div><\/div><\/div><\/div><div class=\"vc_row wpb_row vc_row-fluid\"><div class=\"wpb_column vc_column_container vc_col-sm-12\"><div class=\"vc_column-inner\"><div class=\"wpb_wrapper\"><div class=\"vc_separator wpb_content_element vc_separator_align_center vc_sep_width_100 vc_sep_border_width_4 vc_sep_pos_align_center vc_sep_color_sky vc_separator-has-text\" ><span class=\"vc_sep_holder vc_sep_holder_l\"><span  class=\"vc_sep_line\"><\/span><\/span><div class=\"vc_icon_element vc_icon_element-outer vc_icon_element-align-left\"><div class=\"vc_icon_element-inner vc_icon_element-color-blue vc_icon_element-size-md vc_icon_element-style- vc_icon_element-background-color-grey\" ><span class=\"vc_icon_element-icon fas fa-poll\" ><\/span><\/div><\/div><h4>20-21st May, 2023 - results<\/h4><span class=\"vc_sep_holder vc_sep_holder_r\"><span  class=\"vc_sep_line\"><\/span><\/span>\n<\/div><\/div><\/div><\/div><\/div><div class=\"vc_row wpb_row vc_row-fluid vc_column-gap-10\"><div class=\"wpb_column vc_column_container vc_col-sm-6\"><div class=\"vc_column-inner\"><div class=\"wpb_wrapper\"><div class=\"vc_btn3-container vc_btn3-center\" ><a class=\"vc_general vc_btn3 vc_btn3-size-md vc_btn3-shape-rounded vc_btn3-style-3d vc_btn3-block vc_btn3-color-orange\" href=\"https:\/\/cronometraj.racetecresults.com\/Results.aspx?CId=16648&#038;RId=2249\" title=\"Clasament general - Amatori tura scurt\u0103 s\u00e2mb\u0103t\u0103\" target=\"_blank\">General classification - Amateurs Male (short route Saturday)<\/a><\/div><\/div><\/div><\/div><div class=\"wpb_column vc_column_container vc_col-sm-6\"><div class=\"vc_column-inner\"><div class=\"wpb_wrapper\"><div class=\"vc_btn3-container vc_btn3-center\" ><a class=\"vc_general vc_btn3 vc_btn3-size-md vc_btn3-shape-rounded vc_btn3-style-3d vc_btn3-block vc_btn3-color-orange\" href=\"https:\/\/cronometraj.racetecresults.com\/Results.aspx?CId=16648&#038;RId=2250\" title=\"Clasament general - Amatori licen\u021bia\u021bi \u0219i Master\" target=\"_blank\">General classification -19+ Amateurs &amp; Masters 1, 2, 3 Male<\/a><\/div><\/div><\/div><\/div><\/div><div class=\"vc_row wpb_row vc_row-fluid vc_column-gap-10\"><div class=\"wpb_column vc_column_container vc_col-sm-4\"><div class=\"vc_column-inner\"><div class=\"wpb_wrapper\"><div class=\"vc_btn3-container vc_btn3-center\" ><a class=\"vc_general vc_btn3 vc_btn3-size-md vc_btn3-shape-rounded vc_btn3-style-3d vc_btn3-block vc_btn3-color-orange\" href=\"https:\/\/cronometraj.racetecresults.com\/Results.aspx?CId=16648&#038;RId=2252\" title=\"General classification - Cadets &amp; Juniors Male\" target=\"_blank\">General classification - Cadets &amp; Juniors Male<\/a><\/div><\/div><\/div><\/div><div class=\"wpb_column vc_column_container vc_col-sm-4\"><div class=\"vc_column-inner\"><div class=\"wpb_wrapper\"><div class=\"vc_btn3-container vc_btn3-center\" ><a class=\"vc_general vc_btn3 vc_btn3-size-md vc_btn3-shape-rounded vc_btn3-style-3d vc_btn3-block vc_btn3-color-orange\" href=\"https:\/\/cronometraj.racetecresults.com\/Results.aspx?CId=16648&#038;RId=2251\" title=\"General classification - Female\" target=\"_blank\">General classification - Female<\/a><\/div><\/div><\/div><\/div><div class=\"wpb_column vc_column_container vc_col-sm-4\"><div class=\"vc_column-inner\"><div class=\"wpb_wrapper\"><div class=\"vc_btn3-container vc_btn3-center\" ><a class=\"vc_general vc_btn3 vc_btn3-size-md vc_btn3-shape-rounded vc_btn3-style-3d vc_btn3-block vc_btn3-color-orange\" href=\"https:\/\/cronometraj.racetecresults.com\/Results.aspx?CId=16648&#038;RId=2253\" title=\"General classification - U23 &amp; Elites Male\" target=\"_blank\">General classification - U23 &amp; Elites Male<\/a><\/div><\/div><\/div><\/div><\/div><div class=\"vc_row wpb_row vc_row-fluid vc_column-gap-10\"><div class=\"wpb_column vc_column_container vc_col-sm-4\"><div class=\"vc_column-inner\"><div class=\"wpb_wrapper\"><div class=\"vc_btn3-container vc_btn3-center\" ><a class=\"vc_general vc_btn3 vc_btn3-size-md vc_btn3-shape-rounded vc_btn3-style-3d vc_btn3-block vc_btn3-color-orange\" href=\"https:\/\/cronometraj.racetecresults.com\/results.aspx?CId=16648&#038;RId=2247&#038;EId=2\" title=\"Rezultate Live  etapa de s\u00e2mb\u0103t\u0103 - Traseul Lung\" target=\"_blank\">Long route Saturday's results<\/a><\/div><\/div><\/div><\/div><div class=\"wpb_column vc_column_container vc_col-sm-4\"><div class=\"vc_column-inner\"><div class=\"wpb_wrapper\"><\/div><\/div><\/div><div class=\"wpb_column vc_column_container vc_col-sm-4\"><div class=\"vc_column-inner\"><div class=\"wpb_wrapper\"><div class=\"vc_btn3-container vc_btn3-center\" ><a class=\"vc_general vc_btn3 vc_btn3-size-md vc_btn3-shape-rounded vc_btn3-style-3d vc_btn3-block vc_btn3-color-orange\" href=\"https:\/\/cronometraj.racetecresults.com\/results.aspx?CId=16648&#038;RId=2247&#038;EId=1\" title=\"Rezultate Live - Traseu scurt Turul Colinelor 2023\" target=\"_blank\">Short route Saturday's results<\/a><\/div><\/div><\/div><\/div><\/div><div class=\"vc_row wpb_row vc_row-fluid\"><div class=\"wpb_column vc_column_container vc_col-sm-12\"><div class=\"vc_column-inner\"><div class=\"wpb_wrapper\"><div class=\"vc_separator wpb_content_element vc_separator_align_center vc_sep_width_100 vc_sep_border_width_4 vc_sep_pos_align_center vc_sep_color_sky vc_separator-has-text\" ><span class=\"vc_sep_holder vc_sep_holder_l\"><span  class=\"vc_sep_line\"><\/span><\/span><div class=\"vc_icon_element vc_icon_element-outer vc_icon_element-align-left\"><div class=\"vc_icon_element-inner vc_icon_element-color-blue vc_icon_element-size-md vc_icon_element-style- vc_icon_element-background-color-grey\" ><span class=\"vc_icon_element-icon fas fa-poll\" ><\/span><\/div><\/div><h4>8-9th October, 2022 - results<\/h4><span class=\"vc_sep_holder vc_sep_holder_r\"><span  class=\"vc_sep_line\"><\/span><\/span>\n<\/div><\/div><\/div><\/div><\/div><div class=\"vc_row wpb_row vc_row-fluid vc_column-gap-10\"><div class=\"wpb_column vc_column_container vc_col-sm-6\"><div class=\"vc_column-inner\"><div class=\"wpb_wrapper\"><div class=\"vc_btn3-container vc_btn3-center\" ><a class=\"vc_general vc_btn3 vc_btn3-size-md vc_btn3-shape-rounded vc_btn3-style-3d vc_btn3-block vc_btn3-color-orange\" href=\"https:\/\/cronometraj.racetecresults.com\/Results.aspx?CId=16648&#038;RId=2239\" title=\"Rezultate Live - Criterium\" target=\"_blank\">Criterium results (Saturday)<\/a><\/div><\/div><\/div><\/div><div class=\"wpb_column vc_column_container vc_col-sm-6\"><div class=\"vc_column-inner\"><div class=\"wpb_wrapper\"><div class=\"vc_btn3-container vc_btn3-center\" ><a class=\"vc_general vc_btn3 vc_btn3-size-md vc_btn3-shape-rounded vc_btn3-style-3d vc_btn3-block vc_btn3-color-orange\" href=\"https:\/\/cronometraj.racetecresults.com\/Results.aspx?CId=16648&#038;RId=2240\" title=\"Rezultate Live - Fond\" target=\"_blank\">Road Race results (Sunday)<\/a><\/div><\/div><\/div><\/div><\/div>","protected":false},"excerpt":{"rendered":"<p>Rezultate edi\u021bia 24-25 Mai 2025 Clasament general &#8211; Amatori Masculin (tura scurt\u0103 s\u00e2mb\u0103t\u0103)Clasament general &#8211; Amatori 19+ \u0219i Master 1, 2, 3Clasament general &#8211; U17 MasculinClasament general &#8211; FemininClasament general &#8211; Elite, U23 \u0219i U19 MasculinRezultate etapa de s\u00e2mb\u0103t\u0103 &#8211; Traseul LungRezultate etapa de s\u00e2mb\u0103t\u0103 &#8211; Traseul ScurtRezultate edi\u021bia 18-19 Mai 2024 Clasament general -&hellip;<\/p>","protected":false},"author":1,"featured_media":0,"parent":0,"menu_order":0,"comment_status":"closed","ping_status":"closed","template":"","meta":{"footnotes":""},"class_list":["post-95","page","type-page","status-publish","hentry","description-off"],"yoast_head":"<!-- This site is optimized with the Yoast SEO plugin v25.3 - https:\/\/yoast.com\/wordpress\/plugins\/seo\/ -->\n<title>Rezultate - Turul Colinelor Bac\u0103u<\/title>\n<meta name=\"description\" content=\"Rezultate\" \/>\n<meta name=\"robots\" content=\"index, follow, max-snippet:-1, max-image-preview:large, max-video-preview:-1\" \/>\n<link rel=\"canonical\" href=\"https:\/\/www.turulcolinelor.ro\/en\/rezultate\/\" \/>\n<meta property=\"og:locale\" content=\"en_GB\" \/>\n<meta property=\"og:type\" content=\"article\" \/>\n<meta property=\"og:title\" content=\"Rezultate - Turul Colinelor Bac\u0103u\" \/>\n<meta property=\"og:description\" content=\"Rezultate\" \/>\n<meta property=\"og:url\" content=\"https:\/\/www.turulcolinelor.ro\/en\/rezultate\/\" \/>\n<meta property=\"og:site_name\" content=\"Turul Colinelor Bac\u0103u\" \/>\n<meta property=\"article:modified_time\" content=\"2025-05-25T05:52:36+00:00\" \/>\n<meta name=\"twitter:card\" content=\"summary_large_image\" \/>\n<meta name=\"twitter:label1\" content=\"Estimated reading time\" \/>\n\t<meta name=\"twitter:data1\" content=\"2 minutes\" \/>\n<script type=\"application\/ld+json\" class=\"yoast-schema-graph\">{\"@context\":\"https:\/\/schema.org\",\"@graph\":[{\"@type\":\"WebPage\",\"@id\":\"https:\/\/www.turulcolinelor.ro\/rezultate\/\",\"url\":\"https:\/\/www.turulcolinelor.ro\/rezultate\/\",\"name\":\"Rezultate - Turul Colinelor Bac\u0103u\",\"isPartOf\":{\"@id\":\"https:\/\/www.turulcolinelor.ro\/#website\"},\"datePublished\":\"2022-09-02T15:34:59+00:00\",\"dateModified\":\"2025-05-25T05:52:36+00:00\",\"description\":\"Rezultate\",\"breadcrumb\":{\"@id\":\"https:\/\/www.turulcolinelor.ro\/rezultate\/#breadcrumb\"},\"inLanguage\":\"en-GB\",\"potentialAction\":[{\"@type\":\"ReadAction\",\"target\":[\"https:\/\/www.turulcolinelor.ro\/rezultate\/\"]}]},{\"@type\":\"BreadcrumbList\",\"@id\":\"https:\/\/www.turulcolinelor.ro\/rezultate\/#breadcrumb\",\"itemListElement\":[{\"@type\":\"ListItem\",\"position\":1,\"name\":\"Home\",\"item\":\"https:\/\/www.turulcolinelor.ro\/\"},{\"@type\":\"ListItem\",\"position\":2,\"name\":\"Rezultate\"}]},{\"@type\":\"WebSite\",\"@id\":\"https:\/\/www.turulcolinelor.ro\/#website\",\"url\":\"https:\/\/www.turulcolinelor.ro\/\",\"name\":\"Turul Colinelor Bac\u0103u\",\"description\":\"Tradi\u021bia merge mai departe! Turul Colinelor 2023 vine cu un traseu nou, dar \u0219i cu multe alte nout\u0103\u021bi, a\u0219a c\u0103 fi\u021bi pe faz\u0103. Mai multe detalii \u00een cur\u00e2nd!\",\"potentialAction\":[{\"@type\":\"SearchAction\",\"target\":{\"@type\":\"EntryPoint\",\"urlTemplate\":\"https:\/\/www.turulcolinelor.ro\/?s={search_term_string}\"},\"query-input\":{\"@type\":\"PropertyValueSpecification\",\"valueRequired\":true,\"valueName\":\"search_term_string\"}}],\"inLanguage\":\"en-GB\"}]}<\/script>\n<!-- \/ Yoast SEO plugin. -->","yoast_head_json":{"title":"Rezultate - Turul Colinelor Bac\u0103u","description":"Rezultate","robots":{"index":"index","follow":"follow","max-snippet":"max-snippet:-1","max-image-preview":"max-image-preview:large","max-video-preview":"max-video-preview:-1"},"canonical":"https:\/\/www.turulcolinelor.ro\/en\/rezultate\/","og_locale":"en_GB","og_type":"article","og_title":"Rezultate - Turul Colinelor Bac\u0103u","og_description":"Rezultate","og_url":"https:\/\/www.turulcolinelor.ro\/en\/rezultate\/","og_site_name":"Turul Colinelor Bac\u0103u","article_modified_time":"2025-05-25T05:52:36+00:00","twitter_card":"summary_large_image","twitter_misc":{"Estimated reading time":"2 minutes"},"schema":{"@context":"https:\/\/schema.org","@graph":[{"@type":"WebPage","@id":"https:\/\/www.turulcolinelor.ro\/rezultate\/","url":"https:\/\/www.turulcolinelor.ro\/rezultate\/","name":"Rezultate - Turul Colinelor Bac\u0103u","isPartOf":{"@id":"https:\/\/www.turulcolinelor.ro\/#website"},"datePublished":"2022-09-02T15:34:59+00:00","dateModified":"2025-05-25T05:52:36+00:00","description":"Rezultate","breadcrumb":{"@id":"https:\/\/www.turulcolinelor.ro\/rezultate\/#breadcrumb"},"inLanguage":"en-GB","potentialAction":[{"@type":"ReadAction","target":["https:\/\/www.turulcolinelor.ro\/rezultate\/"]}]},{"@type":"BreadcrumbList","@id":"https:\/\/www.turulcolinelor.ro\/rezultate\/#breadcrumb","itemListElement":[{"@type":"ListItem","position":1,"name":"Home","item":"https:\/\/www.turulcolinelor.ro\/"},{"@type":"ListItem","position":2,"name":"Rezultate"}]},{"@type":"WebSite","@id":"https:\/\/www.turulcolinelor.ro\/#website","url":"https:\/\/www.turulcolinelor.ro\/","name":"Turul Colinelor Bac\u0103u","description":"Tradi\u021bia merge mai departe! Turul Colinelor 2023 vine cu un traseu nou, dar \u0219i cu multe alte nout\u0103\u021bi, a\u0219a c\u0103 fi\u021bi pe faz\u0103. Mai multe detalii \u00een cur\u00e2nd!","potentialAction":[{"@type":"SearchAction","target":{"@type":"EntryPoint","urlTemplate":"https:\/\/www.turulcolinelor.ro\/?s={search_term_string}"},"query-input":{"@type":"PropertyValueSpecification","valueRequired":true,"valueName":"search_term_string"}}],"inLanguage":"en-GB"}]}},"_links":{"self":[{"href":"https:\/\/www.turulcolinelor.ro\/en\/wp-json\/wp\/v2\/pages\/95","targetHints":{"allow":["GET"]}}],"collection":[{"href":"https:\/\/www.turulcolinelor.ro\/en\/wp-json\/wp\/v2\/pages"}],"about":[{"href":"https:\/\/www.turulcolinelor.ro\/en\/wp-json\/wp\/v2\/types\/page"}],"author":[{"embeddable":true,"href":"https:\/\/www.turulcolinelor.ro\/en\/wp-json\/wp\/v2\/users\/1"}],"replies":[{"embeddable":true,"href":"https:\/\/www.turulcolinelor.ro\/en\/wp-json\/wp\/v2\/comments?post=95"}],"version-history":[{"count":21,"href":"https:\/\/www.turulcolinelor.ro\/en\/wp-json\/wp\/v2\/pages\/95\/revisions"}],"predecessor-version":[{"id":691,"href":"https:\/\/www.turulcolinelor.ro\/en\/wp-json\/wp\/v2\/pages\/95\/revisions\/691"}],"wp:attachment":[{"href":"https:\/\/www.turulcolinelor.ro\/en\/wp-json\/wp\/v2\/media?parent=95"}],"curies":[{"name":"wp","href":"https:\/\/api.w.org\/{rel}","templated":true}]}}