{"id":91,"date":"2022-09-02T15:33:14","date_gmt":"2022-09-02T15:33:14","guid":{"rendered":"https:\/\/www.turulcolinelor.ro\/?page_id=91"},"modified":"2025-05-15T05:43:05","modified_gmt":"2025-05-15T05:43:05","slug":"regulament","status":"publish","type":"page","link":"https:\/\/www.turulcolinelor.ro\/en\/concurs\/regulament\/","title":{"rendered":"Regulations"},"content":{"rendered":"<div class=\"vc_row wpb_row vc_row-fluid\"><div class=\"wpb_column vc_column_container vc_col-sm-12\"><div class=\"vc_column-inner\"><div class=\"wpb_wrapper\"><div class=\"vc_separator wpb_content_element vc_separator_align_center vc_sep_width_100 vc_sep_border_width_4 vc_sep_pos_align_center vc_sep_color_sky vc_separator-has-text\" ><span class=\"vc_sep_holder vc_sep_holder_l\"><span  class=\"vc_sep_line\"><\/span><\/span><div class=\"vc_icon_element vc_icon_element-outer vc_icon_element-align-left\"><div class=\"vc_icon_element-inner vc_icon_element-color-vista_blue vc_icon_element-size-md vc_icon_element-style- vc_icon_element-background-color-grey\" ><span class=\"vc_icon_element-icon fas fa-book-open\" ><\/span><\/div><\/div><h4>REGULAMENT<\/h4><span class=\"vc_sep_holder vc_sep_holder_r\"><span  class=\"vc_sep_line\"><\/span><\/span>\n<\/div><\/div><\/div><\/div><\/div><div class=\"vc_row wpb_row vc_row-fluid\"><div class=\"wpb_column vc_column_container vc_col-sm-12\"><div class=\"vc_column-inner\"><div class=\"wpb_wrapper\">\n\t<div class=\"wpb_text_column wpb_content_element\" >\n\t\t<div class=\"wpb_wrapper\">\n\t\t\t<p><em>Turul Colinelor<\/em> este o competi\u021bie de ciclism de \u0219osea care se adreseaz\u0103 at\u00e2t sportivilor amatori c\u00e2t \u0219i celor profesioni\u0219ti. <em>Turul Colinelor<\/em> \u00ee\u0219i propune s\u0103 creeze un cadru sigur \u0219i organizat pentru practicarea ciclismului, are drept scop promovarea acestuia ca sport de mas\u0103 \u0219i sus\u021binerea sportului de performanta in r\u00e2ndul cicli\u0219tilor.<\/p>\n<p>Prezentul regulament se aliniaz\u0103 la regulamentele <u>FRC<\/u> \u0219i <u>UCI<\/u> \u00een vigoare.<\/p>\n<p>\u00cen perioada premerg\u0103toare concursului se vor comunica informa\u021biile necesare pe site-ul <a href=\"http:\/\/www.turulcolinelor.ro\/en\/\">www.turulcolinelor.ro<\/a>.<\/p>\n<p><strong>ARBITRAJ<\/strong><\/p>\n<p>Comisia de arbitraj este format\u0103 din arbitrii delega\u021bi FRC. Orice cerin\u021b\u0103 c\u0103tre arbitrii, va fi comunicat\u0103 numai \u00een scris c\u0103tre unul din ace\u0219ti membri. Se va respecta procedura de contesta\u021bie din acest regulament.<\/p>\n<p><strong>ASISTENTA TEHNICA<\/strong><\/p>\n<p>\u00cen cazul oric\u0103rei defec\u021biuni tehnice, concurentul se va opri pe partea dreapt\u0103 a drumului, pe c\u00e2t posibil \u00een afara traseului, \u0219i nu va \u00eempiedica buna desf\u0103\u0219urare a competi\u021biei. \u00cenc\u0103lcarea acestei reguli se va sanc\u021biona cu o amend\u0103 de 100 de Ron. Sportivul va fi sanc\u021bionat \u00een urma prezent\u0103rii de c\u0103tre arbitrii, a dovezii foto sau video a \u00eenc\u0103lc\u0103rii regulii.<\/p>\n<p><strong>CONDI\u021aII DE \u00ceNSCRIERE A UNEI MA\u0218INI TEHNICE:<\/strong><\/p>\n<p>Echipelor de sportivi cu minim 4 concuren\u021bi \u00een competi\u021bie, le este permis\u0103 utilizarea unei ma\u0219ini de asisten\u021b\u0103 tehnic\u0103. Ma\u0219ina tehnic\u0103 va fi permis\u0103 numai dac\u0103 se va dovedi organizatorului c\u0103 echipa este dotat\u0103 cu echipament tehnic de rezerv\u0103.<\/p>\n<p>Echipele care doresc s\u0103 beneficieze de ma\u0219in\u0103 proprie de asisten\u021b\u0103 pe traseu, trebuie sa anun\u021be organizatorul la <a href=\"mailto:info@turulcolinelor.ro\">info@turulcolinelor.ro<\/a>, \u00een s\u0103pt\u0103m\u00e2na premerg\u0103toare concursului, nu mai t\u00e2rziu de ziua de joi.<\/p>\n<p>Se va organiza o \u0219edin\u021b\u0103 tehnic\u0103 cu to\u021bi \u0219oferii ma\u0219inilor de depanare. Prezen\u021ba la aceast\u0103 \u0219edin\u021b\u0103 este obligatorie.<\/p>\n<p>Ma\u0219inile de asisten\u021b\u0103 tehnic\u0103 vor fi acreditate de c\u0103tre organizator \u00eenainte de startul competi\u021biei, \u0219i vor purta \u00eensemnele furnizate de c\u0103tre organizator. \u00cen lipsa acestor semne, organizatorul va instrui Politia Rutier\u0103, s\u0103 nu permit\u0103 ma\u0219inilor mersul \u00een caravana concursului. Ma\u0219inile de asisten\u021b\u0103 sunt urm\u0103rite de c\u0103tre arbitrii Turului Colinelor \u0219i FRC. \u00cen cazul \u00een care Turului Colinelor consider\u0103 c\u0103 o ma\u0219in\u0103 din caravan\u0103 \u00eencurc\u0103 participan\u021bii la concurs,\u00a0 \u00ee\u0219i rezerv\u0103 dreptul de a elimina acea ma\u0219in\u0103 din caravan\u0103, \u0219i a nu mai da dreptul echipei \u00een cauza de a beneficia de ma\u0219in\u0103 de asisten\u021b\u0103.<\/p>\n<p>\u00cen plus, prevederile capitolului 33 \u0219i 34 din regulamentul FRC sunt obligatorii. Regulamentul poate fi consultat <a class=\"_ps2id\" href=\"https:\/\/federatiadeciclism.ro\/wp-content\/uploads\/2025\/01\/Regulament-Tehnic-Sosea-si-Pista-Actualizat-30.01.2025.pdf\" data-ps2id-offset=\"\">aici<\/a>.<\/p>\n<p>Se va respecta Anexa 01 &#8211; Schema caravana.<\/p>\n<p><strong>ASISTEN\u021a\u0102 MEDICAL\u0102<\/strong><\/p>\n<p>\u00cen cadrul competi\u021biei Turul Colinelor se va asigura asisten\u021ba medical\u0103 cu <u>2 AMBULANTE DE TIP 81\/82<\/u>. Doua ambulan\u021be vor urm\u0103ri caravana pe traseu.<\/p>\n<p><strong>ZONA DE ALIMENTARE<\/strong><\/p>\n<p>Organizatorul va amenaja puncte de alimentare pe traseu. Este interzis\u0103 aruncarea gunoaielor sau a bidoanelor de-a lungul traseului. Acest lucru atrage dup\u0103 sine descalificarea sportivului. Aruncarea de\u0219eurilor va fi f\u0103cut\u0103 \u00een zona imediat urm\u0103toare punctului de alimentare, \u0219i ele vor fi str\u00e2nse de c\u0103tre personalul organizatorului. Sportivul va fi sanc\u021bionat \u00een urma prezent\u0103rii de c\u0103tre arbitrii a dovezii foto sau video a \u00eenc\u0103lc\u0103rii regulii.<\/p>\n<p><strong>ABANDONUL<\/strong><\/p>\n<p>Concuren\u021bii care abandoneaz\u0103, indiferent de motiv, sunt obliga\u021bi s\u0103 informeze despre aceasta decizie unul dintre arbitrii oficiali ai competi\u021biei sau pe organizator telefonic prin sms la 0741742556 \u00een felul urm\u0103tor: &#8222;<u>abandon. data. nume concurent, numar concurs&#8221;<\/u>. Dac\u0103, indiferent de motiv, o asemenea informare nu a fost efectuat\u0103, organizatorul va avea dreptul s\u0103 organizeze \u00eempreun\u0103 cu autorit\u0103\u021bile competente, misiunea de c\u0103utare sau salvare, pe costul participantului neglijent.<\/p>\n<p><strong>REGULI GENERATE \u00ceN TIMPUL COMPETI\u021aIEI:<\/strong><\/p>\n<p>Competi\u021bia se v\u0103 desf\u0103\u0219ur\u0103 conform regulamentelor UCI \u0219i FRC<\/p>\n<ul>\n<li>To\u021bi concuren\u021bii vor fi obliga\u021bi s\u0103 poarte numerele de concurs primite de la organizator.<\/li>\n<li>Regulamentul competi\u021biei se afla publicat pe https:\/\/www.turulcolinelor.ro\/<\/li>\n<li>Abandonul se va anun\u021ba la num\u0103rul de telefon 0741742556 sau la punctul de cronometraj dar si unui membru al juriului, cu obligatia de a indeparta numarul.<\/li>\n<li>In caz de abandon tehnic sau descalificare sportivul e obligat s\u0103 \u00ee\u0219i transporte biciclet\u0103 la finish (excep\u021bie fac accident\u0103rile).<\/li>\n<li>Casca de ciclism este OBLIGATORIE pentru toate categoriile de concuren\u021bi, at\u00e2t \u00een timpul competi\u021biei, c\u00e2t \u0219i \u00een timpul turelor de recunoa\u0219tere;<\/li>\n<li>Vor fi permise numai bicicletele de sosea , \u00een stare bun\u0103 de func\u0163ionare, fara biciclete de contratimp.<\/li>\n<li>Pentru categoria U17, pasul maxim admis este de 7,65 metri.<\/li>\n<li>\u00cen probele de ITT , sportivii din categoria U17 pot monta aerobare de contratimp pe ghidoanele bicicletelor de \u0219osea. Bicicletele trebuie s\u0103 respecte regulile UCI privind bicicletele de \u0219osea, iar pozi\u021bia pe biciclet\u0103 trebuie s\u0103 fie conform\u0103 cu regulamentele UCI pentru proba de contratimp. De asemenea, \u00een toate cursele U17 bicicletele trebuie s\u0103 respecte urm\u0103toarele cerin\u021be: ro\u021bile trebuie s\u0103 aib\u0103 jant\u0103 de maximum 60 mm \u00een\u0103l\u021bime, cu minimum 16 \u0219i maximum de 40 de spi\u021be. Spi\u021bele pot fi rotunde, aplatizate sau ovale, dar nu trebuie s\u0103 dep\u0103\u0219easc\u0103 10mm \u00een l\u0103\u021bime. Nu poate fi utilizat ghidon de contratimp.<\/li>\n<li>Bicicletele folosite la Turul Colinelor Bacau trebuie propulsate doar prin for\u021ba uman\u0103.<\/li>\n<li>Numerele de concurs vor fi montate pe tija de sa a bicicletei, \u0219i nu vor fi \u00eenl\u0103turate dec\u00e2t dup\u0103 trecerea liniei de sosire (sau \u00een caz de abandon);<\/li>\n<li>\u00cen cazul unei pene, a unor defec\u021biuni sau a unei opriri, concurentul este obligat s\u0103 elibereze traseul pentru a evita accident\u0103rile \u0219i s\u0103-\u0219i rezolve problema \u00eentr-un loc sigur.<\/li>\n<li>Clasamentul etapei de Cupa Romaniei se va realiza dupa cumularea timpilor din ambele zile de concurs.<\/li>\n<li>Inscrierea se face pe platforma <a href=\"http:\/\/www.racehub.ro\">racehub.ro<\/a> cu o singura taxa pentru ambele zile de participare. Neparticiparea in una din probe este decizia concurentului.<\/li>\n<li>In timpul cursei de circuit participantii prinsi din urma vor fi opriti, iar pentru fiecare tura ramasa li se va adauga 3 minute.<\/li>\n<li>Competi\u021bia <em>Turul Colinelor<\/em> se desf\u0103\u0219oar\u0103 pe drumuri publice cu circula\u021bie restric\u021bionat\u0103 temporar. Caravana plutonului este descris\u0103 \u00een Anexa 01.<\/li>\n<li>Deplasarea pe drumurile publice se va face banda aferent\u0103 sensului de mers, \u0219i c\u00e2t mai posibil pe partea dreapt\u0103 a carosabilului. Este strict interzis\u0103 t\u0103ierea virajelor. \u00cen plus, prevederile capitolului 35 din regulamentul FRC sunt obligatorii. Regulamentul poate fi consultat aici.<\/li>\n<li>Participan\u021bii nu au voie sa foloseasc\u0103 gesturi sau cuvinte nesportive.<\/li>\n<li>Participan\u021bii nu au voie sa arunce pe traseu ambalaje \u00een alt\u0103 zon\u0103 dec\u00e2t cea stabilit\u0103 de organizator.<\/li>\n<li>Participan\u021bii nu au voie s\u0103 se \u00eemping\u0103 \u00eentre ei (nici ca ajutor \u0219i nici ca obstruc\u021bie). Utilizarea m\u00e2inii pentru a \u00eempinge sau a trage un alt concurent pentru a-l ajuta \/ \u00eempiedica s\u0103 \u00eenainteze, se sanc\u021bioneaz\u0103 cu amend\u0103 \u0219i cu descalificare.<\/li>\n<li>Participan\u021bii \u00ee\u0219i vor declara v\u00e2rsta si statutul (amator\/Elite) pe propria r\u0103spundere.<\/li>\n<li>Regulile de Fair-Play \u00eentre concuren\u021bi vor fi respectate. Concuren\u021bii care urmeaz\u0103 a fi dep\u0103\u0219i\u021bi, vor elibera calea celor din urma, \u00een special pe urc\u0103rile \u00eenguste \u0219i abrupte.<\/li>\n<li>To\u021bi participan\u021bii vor respecta cu stricte\u021be regulile de circula\u021bie \u0219i indica\u021biile arbitrilor competi\u021biei.<\/li>\n<li>Orice comportament din partea participan\u021bilor considerat periculos pentru buna desf\u0103\u0219urare a competi\u021biei de c\u0103tre arbitrii sau poli\u021bie, va atrage descalificarea din \u00eentreaga competi\u021bie.<\/li>\n<li>Este interzis concuren\u021bilor s\u0103 poarte ca\u0219ti \u00een urechi pe timpul concursului.<\/li>\n<li>Concurentul trebuie s\u0103 aib\u0103 \u00een orice moment minimum o m\u00e2n\u0103 pe ghidon.<\/li>\n<\/ul>\n<p><em>\u00a0<\/em><\/p>\n<p><em>Turul Colinelor<\/em> nu este o curs\u0103 mixt\u0103. Este interzis participan\u021bilor categoriilor masculine s\u0103 se implice \u00een mersul normal al categoriilor feminine. Participan\u021bii categoriilor masculine nu vor influen\u021ba cu nimic performan\u021ba din cursa participantelor feminine.<\/p>\n<p>Nu este permis mersul la tren\u0103 \u00eentre categoriile masculin \u0219i feminin, \u00een condi\u021biile \u00een care un participant masculin favorizeaz\u0103 o participant\u0103 feminin\u0103. Determinarea acestei situa\u021bii va fi f\u0103cut\u0103 de c\u0103tre organizator cu ajutorul dovezilor \u0219i va fi o decizie exprimat\u0103 \u00een scris \u0219i motivat\u0103.<\/p>\n<p>Este interzis orice fel de tras sau \u00eempins \u00eentre participan\u021bi, sau \u00eentre participan\u021bi \u0219i ma\u0219inile din caravan\u0103.<\/p>\n<p>Orice reclama\u021bie va fi formulat\u0103 cu respectarea procedurii de contesta\u021bie. \u00cen func\u021bie de gravitatea faptului organizatorul vor lua urm\u0103toarele m\u0103suri: penalizarea concurentului sau concuren\u021bilor cu o durat\u0103 de timp determinat\u0103 de organizator, descalificarea concurentului, descalificarea \u00eentregii echipe \u00een caz c\u0103 abaterea este realizat\u0103 de concuren\u021bii aceleia\u0219i echipe.<\/p>\n<p><strong>SITUA\u021aII CARE ATRAG DUP\u0102 SINE DESCALIFICAREA<\/strong>:<\/p>\n<ul>\n<li>Neparcurgerea traseului \u00een \u00eentregime sau scurtarea lui.<\/li>\n<li>Nefolosirea ca\u0219tii de protec\u021bie pe timpul concursului.<\/li>\n<li>Comportamentul lipsit de fair-play fa\u021b\u0103 de concuren\u021bi sau organizatori.<\/li>\n<li>Comportamentul agresiv fa\u021b\u0103 de organizatori sau al\u021bi participan\u021bi.<\/li>\n<li>Folosirea altui mijloc de locomo\u021bie dec\u00e2t propria bicicleta.<\/li>\n<li>Modificarea\/schimbarea num\u0103rului de concurs.<\/li>\n<li>L\u0103sarea ambalajelor sau altor de\u0219euri pe traseu. Acestea pot fi l\u0103sate doar \u00een zona de dup\u0103 punctul de alimentare.<\/li>\n<li>Circula\u021bia \u00een sens invers pe traseu.<\/li>\n<\/ul>\n<p>Taxa de participare nu se va rambursa \u00een cazul descalific\u0103rii.<\/p>\n<p><strong>CONTESTA\u021aII<\/strong><\/p>\n<p>Participan\u021bii au dreptul la contesta\u021bii. Taxa de contesta\u021bie este 100 de Ron. Contesta\u021biile vor fi \u00eenso\u021bite de dovezi verificabile (poze, video, martori, etc).<\/p>\n<p>Contesta\u021biile vor fi adresate organizatorului \u00een scris \u0219i \u00eenso\u021bite de dovezi verificabile nu mai t\u00e2rziu de o or\u0103 \u00eenaintea \u00eenceperii festivit\u0103\u021bii de premiere.<\/p>\n<p>Contesta\u021biile vor fi solu\u021bionate de c\u0103tre organizator. Se va comunica o decizie pana la \u00eenceperea festivit\u0103\u021bii de premiere.<\/p>\n<p><strong>CONDI\u021aII DE \u00ceNSCRIERE<\/strong><\/p>\n<p>Pot participa sportivi licen\u021bia\u021bi si nelicen\u021bia\u021bi FRC. Organizatorii vor verifica \u00eenainte de fiecare etap\u0103, lista de sportivi profesioni\u0219ti pus\u0103 la dispozi\u021bie de FRC \u0219i \u00ee\u0219i alog\u0103 dreptul de a muta la categoria valabil\u0103, sportivii care, inten\u021bionat sau nu, particip\u0103 la alt\u0103 categorie dec\u00e2t cea determinat\u0103 \u00een coordonare cu listele de licen\u021b\u0103 ale FRC.<\/p>\n<p>Prin participarea la aceasta competi\u021bie, participan\u021bii sunt de acord s\u0103 respecte si s\u0103 se conformeze tuturor prevederilor, termenilor \u0219i condi\u021biilor prezentului regulament si ale legisla\u021biei \u00een vigoare, \u00een leg\u0103tura cu desf\u0103\u0219urarea competi\u021biilor pe domeniul public aplicabile, \u0219i s\u0103 semneze declara\u021bia pe proprie r\u0103spundere pus\u0103 la dispozi\u021bie de c\u0103tre organizatori \u00een ziua concursului, la momentul valid\u0103rii \u00eenscrierii.<\/p>\n<p>Nu exista limita de v\u00e2rsta pentru \u00eenscriere.<\/p>\n<p>Se va respecta legisla\u021bia \u00een vigoare pentru aceast\u0103 situa\u021bie. Participan\u021bii la Turul Colinelor sunt obliga\u021bi s\u0103 respecte termenii \u0219i condi\u021biile din prezentul Regulament Oficial al Competi\u021biei, c\u00e2t \u0219i regulamentul tehnic na\u021bional pentru disciplina \u0219osea al FRC \u0219i regulamentul Uniunii Cicliste Interna\u021bionale.<\/p>\n<p>Organizatorul \u00ee\u0219i rezerv\u0103 dreptul de a nu primi \u00een competi\u021bie persoanele care au un comportament impropriu unui cadru civilizat.<\/p>\n<p>Sportivii licen\u021bia\u021bi profesioni\u0219ti vor avea asigurarea obligatorie, cuprins\u0103 \u00een licen\u021ba eliberat\u0103 de FRC.<\/p>\n<p>Sportivii licen\u021bia\u021bi amatori vor avea asigurarea obligatorie, cuprins\u0103 \u00een licen\u021ba eliberat\u0103 de FRC.<\/p>\n<p>Participarea sportivilor nelicen\u021bia\u021bi se face pe propria r\u0103spundere.<\/p>\n<p>Fiecare participant este responsabil de starea s\u0103n\u0103t\u0103\u021bii, preg\u0103tirea fizic\u0103 \u0219i psihic\u0103 dar \u0219i de aptitudinile necesare particip\u0103rii \u00eentr-o competi\u021bie sportiv\u0103. Totodat\u0103, participan\u021bii \u00ee\u0219i asum\u0103 \u00eentreaga responsabilitate pentru func\u021bionalitatea bicicletei \u0219i a echipamentului tehnic utilizat.<\/p>\n<p>Se recomand\u0103 participan\u021bilor un control medical preventiv anterior particip\u0103rii la competi\u021bie.<\/p>\n<p><strong>TAXA DE \u00ceNSCRIERE<\/strong><\/p>\n<p>Taxa de \u00eenscriere la competi\u021bia <em>Turul Colinelor<\/em> va fi comunicat\u0103 pe pagina de Facebook \u0219i pagina web a competi\u021biei, <u>www.turulcolinelor.ro<\/u>.<\/p>\n<p><strong><em>Modalit\u0103\u021bi de plat\u0103<\/em><\/strong><\/p>\n<p>Plata taxei de \u00eenscriere se va face prin card la inscrierea pe Racehub.ro sau \u00a0prin transfer bancar sau plat\u0103 prin OP \u00een contul RO42BRDE040SV04241620400, deschis la BRD Bac\u0103u.<\/p>\n<p>Perioada de plat\u0103 a taxei va fi comunicat\u0103 pe pagina de Facebook \u0219i pagina web a competi\u021biei, pe <u>www.turulcolinelor.ro.<\/u><\/p>\n<p><strong>ECHIPAMENT ADMIS<\/strong><\/p>\n<p>Sunt acceptate doar bicicletele de SOSEA. Sportivul \u00ee\u0219i va asuma handicapul bicicletei.<\/p>\n<p>Prevederile regulamentului tehnic al FRC, sec\u021biunea 3 &#8211; Bicicleta \u0219i casca sunt obligatorii. Regulamentul poate ti consultat <a class=\"_ps2id\" href=\"https:\/\/federatiadeciclism.ro\/wp-content\/uploads\/2025\/01\/Regulament-Tehnic-Sosea-si-Pista-Actualizat-30.01.2025.pdf\" data-ps2id-offset=\"\">aici<\/a>.<\/p>\n<p>La probele de fond \u0219i de circuit nu sunt admise biciclete de contratimp sau biciclete echipate cu ghidoane de contratimp sau aerobar-uri.<\/p>\n<p><strong>CLASAMENT SI PREMIERE<\/strong><\/p>\n<p><strong>Clasamentul Cupei Romaniei se va realiza dupa cumularea timpilor din ambele zile de concurs<\/strong><strong>.<\/strong><\/p>\n<p><strong>Clasamentul general se va face dupa cele doua etape comasate in functie de categoria de participare in felul urmator:<\/strong><\/p>\n<ul>\n<li><strong>Tura scurta + Etapa de Circuit<\/strong><\/li>\n<\/ul>\n<p><strong>*punctele de Cupa Nationala se for oferi doar pentru categoriile Elite F, Amatori F, U19 F, U17 M\/F.<\/strong><\/p>\n<ul>\n<li><strong>Tura Lunga + Etapa de circuit <\/strong><\/li>\n<\/ul>\n<p><strong>*toate categoriile.<\/strong><\/p>\n<p><strong>Pentru ca o categorie de concurs sa fie validata trebuie sa existe minim 5 concurenti la start. Organizatorul va decide cum vor fi comasate categoriile ce nu indeplinesc aceasta conditie. <\/strong><\/p>\n<p><strong>Premiile in bani se vor acorda doar participantilor la Cupa Romaniei la Sosea.<\/strong><\/p>\n<p><strong>Restul participantilor vor primi produse\/vouchere.<\/strong><\/p>\n<p>Premiile sunt detaliate pe pagina web a competi\u021biei <u>www.turulcolinelor.ro.<\/u><\/p>\n\n\t\t<\/div>\n\t<\/div>\n<\/div><\/div><\/div><\/div>","protected":false},"excerpt":{"rendered":"<p>REGULAMENT Turul Colinelor este o competi\u021bie de ciclism de \u0219osea care se adreseaz\u0103 at\u00e2t sportivilor amatori c\u00e2t \u0219i celor profesioni\u0219ti. Turul Colinelor \u00ee\u0219i propune s\u0103 creeze un cadru sigur \u0219i organizat pentru practicarea ciclismului, are drept scop promovarea acestuia ca sport de mas\u0103 \u0219i sus\u021binerea sportului de performanta in r\u00e2ndul cicli\u0219tilor. Prezentul regulament se aliniaz\u0103&hellip;<\/p>","protected":false},"author":1,"featured_media":0,"parent":97,"menu_order":0,"comment_status":"closed","ping_status":"closed","template":"","meta":{"footnotes":""},"class_list":["post-91","page","type-page","status-publish","hentry","description-off"],"yoast_head":"<!-- This site is optimized with the Yoast SEO plugin v25.3 - https:\/\/yoast.com\/wordpress\/plugins\/seo\/ -->\n<title>Regulament - Turul Colinelor Bac\u0103u<\/title>\n<meta name=\"description\" content=\"Regulament\" \/>\n<meta name=\"robots\" content=\"index, follow, max-snippet:-1, max-image-preview:large, max-video-preview:-1\" \/>\n<link rel=\"canonical\" href=\"https:\/\/www.turulcolinelor.ro\/en\/concurs\/regulament\/\" \/>\n<meta property=\"og:locale\" content=\"en_GB\" \/>\n<meta property=\"og:type\" content=\"article\" \/>\n<meta property=\"og:title\" content=\"Regulament - Turul Colinelor Bac\u0103u\" \/>\n<meta property=\"og:description\" content=\"Regulament\" \/>\n<meta property=\"og:url\" content=\"https:\/\/www.turulcolinelor.ro\/en\/concurs\/regulament\/\" \/>\n<meta property=\"og:site_name\" content=\"Turul Colinelor Bac\u0103u\" \/>\n<meta property=\"article:modified_time\" content=\"2025-05-15T05:43:05+00:00\" \/>\n<meta name=\"twitter:card\" content=\"summary_large_image\" \/>\n<meta name=\"twitter:label1\" content=\"Estimated reading time\" \/>\n\t<meta name=\"twitter:data1\" content=\"16 minutes\" \/>\n<script type=\"application\/ld+json\" class=\"yoast-schema-graph\">{\"@context\":\"https:\/\/schema.org\",\"@graph\":[{\"@type\":\"WebPage\",\"@id\":\"https:\/\/www.turulcolinelor.ro\/concurs\/regulament\/\",\"url\":\"https:\/\/www.turulcolinelor.ro\/concurs\/regulament\/\",\"name\":\"Regulament - Turul Colinelor Bac\u0103u\",\"isPartOf\":{\"@id\":\"https:\/\/www.turulcolinelor.ro\/#website\"},\"datePublished\":\"2022-09-02T15:33:14+00:00\",\"dateModified\":\"2025-05-15T05:43:05+00:00\",\"description\":\"Regulament\",\"breadcrumb\":{\"@id\":\"https:\/\/www.turulcolinelor.ro\/concurs\/regulament\/#breadcrumb\"},\"inLanguage\":\"en-GB\",\"potentialAction\":[{\"@type\":\"ReadAction\",\"target\":[\"https:\/\/www.turulcolinelor.ro\/concurs\/regulament\/\"]}]},{\"@type\":\"BreadcrumbList\",\"@id\":\"https:\/\/www.turulcolinelor.ro\/concurs\/regulament\/#breadcrumb\",\"itemListElement\":[{\"@type\":\"ListItem\",\"position\":1,\"name\":\"Home\",\"item\":\"https:\/\/www.turulcolinelor.ro\/\"},{\"@type\":\"ListItem\",\"position\":2,\"name\":\"Concurs\",\"item\":\"https:\/\/www.turulcolinelor.ro\/concurs\/\"},{\"@type\":\"ListItem\",\"position\":3,\"name\":\"Regulament\"}]},{\"@type\":\"WebSite\",\"@id\":\"https:\/\/www.turulcolinelor.ro\/#website\",\"url\":\"https:\/\/www.turulcolinelor.ro\/\",\"name\":\"Turul Colinelor Bac\u0103u\",\"description\":\"Tradi\u021bia merge mai departe! Turul Colinelor 2023 vine cu un traseu nou, dar \u0219i cu multe alte nout\u0103\u021bi, a\u0219a c\u0103 fi\u021bi pe faz\u0103. Mai multe detalii \u00een cur\u00e2nd!\",\"potentialAction\":[{\"@type\":\"SearchAction\",\"target\":{\"@type\":\"EntryPoint\",\"urlTemplate\":\"https:\/\/www.turulcolinelor.ro\/?s={search_term_string}\"},\"query-input\":{\"@type\":\"PropertyValueSpecification\",\"valueRequired\":true,\"valueName\":\"search_term_string\"}}],\"inLanguage\":\"en-GB\"}]}<\/script>\n<!-- \/ Yoast SEO plugin. -->","yoast_head_json":{"title":"Regulament - Turul Colinelor Bac\u0103u","description":"Regulament","robots":{"index":"index","follow":"follow","max-snippet":"max-snippet:-1","max-image-preview":"max-image-preview:large","max-video-preview":"max-video-preview:-1"},"canonical":"https:\/\/www.turulcolinelor.ro\/en\/concurs\/regulament\/","og_locale":"en_GB","og_type":"article","og_title":"Regulament - Turul Colinelor Bac\u0103u","og_description":"Regulament","og_url":"https:\/\/www.turulcolinelor.ro\/en\/concurs\/regulament\/","og_site_name":"Turul Colinelor Bac\u0103u","article_modified_time":"2025-05-15T05:43:05+00:00","twitter_card":"summary_large_image","twitter_misc":{"Estimated reading time":"16 minutes"},"schema":{"@context":"https:\/\/schema.org","@graph":[{"@type":"WebPage","@id":"https:\/\/www.turulcolinelor.ro\/concurs\/regulament\/","url":"https:\/\/www.turulcolinelor.ro\/concurs\/regulament\/","name":"Regulament - Turul Colinelor Bac\u0103u","isPartOf":{"@id":"https:\/\/www.turulcolinelor.ro\/#website"},"datePublished":"2022-09-02T15:33:14+00:00","dateModified":"2025-05-15T05:43:05+00:00","description":"Regulament","breadcrumb":{"@id":"https:\/\/www.turulcolinelor.ro\/concurs\/regulament\/#breadcrumb"},"inLanguage":"en-GB","potentialAction":[{"@type":"ReadAction","target":["https:\/\/www.turulcolinelor.ro\/concurs\/regulament\/"]}]},{"@type":"BreadcrumbList","@id":"https:\/\/www.turulcolinelor.ro\/concurs\/regulament\/#breadcrumb","itemListElement":[{"@type":"ListItem","position":1,"name":"Home","item":"https:\/\/www.turulcolinelor.ro\/"},{"@type":"ListItem","position":2,"name":"Concurs","item":"https:\/\/www.turulcolinelor.ro\/concurs\/"},{"@type":"ListItem","position":3,"name":"Regulament"}]},{"@type":"WebSite","@id":"https:\/\/www.turulcolinelor.ro\/#website","url":"https:\/\/www.turulcolinelor.ro\/","name":"Turul Colinelor Bac\u0103u","description":"Tradi\u021bia merge mai departe! Turul Colinelor 2023 vine cu un traseu nou, dar \u0219i cu multe alte nout\u0103\u021bi, a\u0219a c\u0103 fi\u021bi pe faz\u0103. Mai multe detalii \u00een cur\u00e2nd!","potentialAction":[{"@type":"SearchAction","target":{"@type":"EntryPoint","urlTemplate":"https:\/\/www.turulcolinelor.ro\/?s={search_term_string}"},"query-input":{"@type":"PropertyValueSpecification","valueRequired":true,"valueName":"search_term_string"}}],"inLanguage":"en-GB"}]}},"_links":{"self":[{"href":"https:\/\/www.turulcolinelor.ro\/en\/wp-json\/wp\/v2\/pages\/91","targetHints":{"allow":["GET"]}}],"collection":[{"href":"https:\/\/www.turulcolinelor.ro\/en\/wp-json\/wp\/v2\/pages"}],"about":[{"href":"https:\/\/www.turulcolinelor.ro\/en\/wp-json\/wp\/v2\/types\/page"}],"author":[{"embeddable":true,"href":"https:\/\/www.turulcolinelor.ro\/en\/wp-json\/wp\/v2\/users\/1"}],"replies":[{"embeddable":true,"href":"https:\/\/www.turulcolinelor.ro\/en\/wp-json\/wp\/v2\/comments?post=91"}],"version-history":[{"count":24,"href":"https:\/\/www.turulcolinelor.ro\/en\/wp-json\/wp\/v2\/pages\/91\/revisions"}],"predecessor-version":[{"id":658,"href":"https:\/\/www.turulcolinelor.ro\/en\/wp-json\/wp\/v2\/pages\/91\/revisions\/658"}],"up":[{"embeddable":true,"href":"https:\/\/www.turulcolinelor.ro\/en\/wp-json\/wp\/v2\/pages\/97"}],"wp:attachment":[{"href":"https:\/\/www.turulcolinelor.ro\/en\/wp-json\/wp\/v2\/media?parent=91"}],"curies":[{"name":"wp","href":"https:\/\/api.w.org\/{rel}","templated":true}]}}